{"id":10217,"date":"2022-11-17T12:24:29","date_gmt":"2022-11-17T11:24:29","guid":{"rendered":"https:\/\/www.carseatsandparts.com\/?post_type=product&#038;p=10217"},"modified":"2024-12-04T11:21:10","modified_gmt":"2024-12-04T10:21:10","slug":"interieur-vw-golf-7-gti-tcr-alcantara-stof-grijs-rood-5-deurs","status":"publish","type":"product","link":"https:\/\/www.carseatsandparts.com\/fr\/product\/interieur-vw-golf-7-gti-tcr-alcantara-stof-grijs-rood-5-deurs\/","title":{"rendered":"Int\u00e9rieur VW Golf 7 GTI TCR Alcantara\/Fabric gris\/rouge (5 portes)"},"content":{"rendered":"<p>Int\u00e9rieur Volkswagen 7 GTI TCR r\u00e9alis\u00e9 dans une combinaison d'Alcantara et de tissu dans les couleurs gris et rouge. L'int\u00e9rieur provient d'une voiture de d\u00e9monstration et est comme neuf, \u00e0 l'exception de quelques dommages mineurs dus au d\u00e9montage. Ceux-ci sont montr\u00e9s sur les images. Caract\u00e9ristiques : r\u00e9glage manuel de la hauteur, soutien lombaire manuel et r\u00e9glage manuel du dossier. Les airbags et les ceintures de s\u00e9curit\u00e9 sont en \u00e9tat d'origine avec cet int\u00e9rieur.<\/p>","protected":false},"excerpt":{"rendered":"Int\u00e9rieur Volkswagen 7 GTI TCR fini dans une combinaison d'Alcantara\/tissu gris rouge. Installation plug and play dans une Golf 7, l'int\u00e9rieur provient d'une voiture de d\u00e9monstration et est comme neuf \u00e0 l'exception de quelques dommages mineurs dus au d\u00e9montage. Ceux-ci sont montr\u00e9s sur les images. Caract\u00e9ristiques : r\u00e9glage manuel de la hauteur, soutien lombaire manuel et r\u00e9glage manuel du dossier. Des airbags sont inclus avec cet int\u00e9rieur. A noter : aucun panneau de porte n'est inclus avec cet int\u00e9rieur !","protected":false},"featured_media":6971,"comment_status":"open","ping_status":"closed","template":"","meta":{"_acf_changed":false},"product_brand":[],"product_cat":[115,1355],"product_tag":[787,976,972,977,978,973],"class_list":{"0":"post-10217","1":"product","2":"type-product","3":"status-publish","4":"has-post-thumbnail","6":"product_cat-demo-interieurs","7":"product_cat-volkswagen","8":"product_tag-787","9":"product_tag-golf-7","10":"product_tag-interieur","11":"product_tag-mk7","12":"product_tag-tcr","13":"product_tag-volkswagen","14":"product_shipping_class-auto-interieurs","16":"first","17":"outofstock","18":"taxable","19":"shipping-taxable","20":"purchasable","21":"product-type-simple"},"composite_virtual":false,"composite_layout":"","composite_add_to_cart_form_location":"","composite_editable_in_cart":false,"composite_sold_individually_context":"","composite_shop_price_calc":"","composite_components":[],"composite_scenarios":[],"exclude_global_add_ons":[],"addons":[],"acf":[],"yoast_head":null,"yoast_head_json":null,"_links":{"self":[{"href":"https:\/\/www.carseatsandparts.com\/fr\/wp-json\/wp\/v2\/product\/10217","targetHints":{"allow":["GET"]}}],"collection":[{"href":"https:\/\/www.carseatsandparts.com\/fr\/wp-json\/wp\/v2\/product"}],"about":[{"href":"https:\/\/www.carseatsandparts.com\/fr\/wp-json\/wp\/v2\/types\/product"}],"replies":[{"embeddable":true,"href":"https:\/\/www.carseatsandparts.com\/fr\/wp-json\/wp\/v2\/comments?post=10217"}],"wp:featuredmedia":[{"embeddable":true,"href":"https:\/\/www.carseatsandparts.com\/fr\/wp-json\/wp\/v2\/media\/6971"}],"wp:attachment":[{"href":"https:\/\/www.carseatsandparts.com\/fr\/wp-json\/wp\/v2\/media?parent=10217"}],"wp:term":[{"taxonomy":"product_brand","embeddable":true,"href":"https:\/\/www.carseatsandparts.com\/fr\/wp-json\/wp\/v2\/product_brand?post=10217"},{"taxonomy":"product_cat","embeddable":true,"href":"https:\/\/www.carseatsandparts.com\/fr\/wp-json\/wp\/v2\/product_cat?post=10217"},{"taxonomy":"product_tag","embeddable":true,"href":"https:\/\/www.carseatsandparts.com\/fr\/wp-json\/wp\/v2\/product_tag?post=10217"}],"curies":[{"name":"wp","href":"https:\/\/api.w.org\/{rel}","templated":true}]}}