{"id":10320,"date":"2022-12-15T13:09:38","date_gmt":"2022-12-15T12:09:38","guid":{"rendered":"https:\/\/www.carseatsandparts.com\/?post_type=product&#038;p=10320"},"modified":"2026-03-18T10:33:33","modified_gmt":"2026-03-18T09:33:33","slug":"interieur-vw-polo-6r-aw-stof-alcantara-zwart-grijs","status":"publish","type":"product","link":"https:\/\/www.carseatsandparts.com\/fr\/product\/interieur-vw-polo-6r-aw-stof-alcantara-zwart-grijs\/","title":{"rendered":"Int\u00e9rieur VW Polo 6R (AW) Tissu\/Alcantara Noir\/Gris"},"content":{"rendered":"<p>Int\u00e9rieur Volkswagen Polo 6R fini en tissu noir et alcantara gris avec surpiq\u00fbres blanches. Installation plug and play dans une Polo 6, l'int\u00e9rieur provient d'une voiture de d\u00e9monstration et est comme neuf. Caract\u00e9ristiques : r\u00e9glage manuel de la hauteur et de l'angle, soutien lombaire manuel et r\u00e9glage manuel du dossier. Les airbags et les ceintures de s\u00e9curit\u00e9 sont encore en \u00e9tat d'origine avec cet int\u00e9rieur. VEUILLEZ NOTER : L'int\u00e9rieur provient d'une voiture \u00e0 conduite \u00e0 droite !<\/p>","protected":false},"excerpt":{"rendered":"Int\u00e9rieur Volkswagen Polo 6R fini en tissu noir et alcantara gris avec surpiq\u00fbres blanches. Installation plug and play dans une Polo 6, l'int\u00e9rieur provient d'une voiture de d\u00e9monstration et est comme neuf. Caract\u00e9ristiques : r\u00e9glage manuel de la hauteur et de l'angle, soutien lombaire manuel et r\u00e9glage manuel du dossier. Les airbags et les ceintures de s\u00e9curit\u00e9 sont encore en \u00e9tat d'origine avec cet int\u00e9rieur. VEUILLEZ NOTER : L'int\u00e9rieur provient d'une voiture \u00e0 conduite \u00e0 droite !","protected":false},"featured_media":10592,"comment_status":"open","ping_status":"closed","template":"","meta":{"_acf_changed":false},"product_brand":[],"product_cat":[115,1355],"product_tag":[926,972,990,989,973],"class_list":{"0":"post-10320","1":"product","2":"type-product","3":"status-publish","4":"has-post-thumbnail","6":"product_cat-demo-interieurs","7":"product_cat-volkswagen","8":"product_tag-926","9":"product_tag-interieur","10":"product_tag-mk6","11":"product_tag-polo-6","12":"product_tag-volkswagen","13":"product_shipping_class-auto-interieurs","15":"first","16":"outofstock","17":"featured","18":"taxable","19":"shipping-taxable","20":"purchasable","21":"product-type-simple"},"composite_virtual":false,"composite_layout":"","composite_add_to_cart_form_location":"","composite_editable_in_cart":false,"composite_sold_individually_context":"","composite_shop_price_calc":"","composite_components":[],"composite_scenarios":[],"exclude_global_add_ons":[],"addons":[],"acf":[],"yoast_head":null,"yoast_head_json":null,"_links":{"self":[{"href":"https:\/\/www.carseatsandparts.com\/fr\/wp-json\/wp\/v2\/product\/10320","targetHints":{"allow":["GET"]}}],"collection":[{"href":"https:\/\/www.carseatsandparts.com\/fr\/wp-json\/wp\/v2\/product"}],"about":[{"href":"https:\/\/www.carseatsandparts.com\/fr\/wp-json\/wp\/v2\/types\/product"}],"replies":[{"embeddable":true,"href":"https:\/\/www.carseatsandparts.com\/fr\/wp-json\/wp\/v2\/comments?post=10320"}],"wp:featuredmedia":[{"embeddable":true,"href":"https:\/\/www.carseatsandparts.com\/fr\/wp-json\/wp\/v2\/media\/10592"}],"wp:attachment":[{"href":"https:\/\/www.carseatsandparts.com\/fr\/wp-json\/wp\/v2\/media?parent=10320"}],"wp:term":[{"taxonomy":"product_brand","embeddable":true,"href":"https:\/\/www.carseatsandparts.com\/fr\/wp-json\/wp\/v2\/product_brand?post=10320"},{"taxonomy":"product_cat","embeddable":true,"href":"https:\/\/www.carseatsandparts.com\/fr\/wp-json\/wp\/v2\/product_cat?post=10320"},{"taxonomy":"product_tag","embeddable":true,"href":"https:\/\/www.carseatsandparts.com\/fr\/wp-json\/wp\/v2\/product_tag?post=10320"}],"curies":[{"name":"wp","href":"https:\/\/api.w.org\/{rel}","templated":true}]}}