{"id":10540,"date":"2023-02-16T15:27:48","date_gmt":"2023-02-16T14:27:48","guid":{"rendered":"https:\/\/www.carseatsandparts.com\/?post_type=product&#038;p=10540"},"modified":"2024-12-04T11:21:12","modified_gmt":"2024-12-04T10:21:12","slug":"audi-r8-bureaustoel","status":"publish","type":"product","link":"https:\/\/www.carseatsandparts.com\/fr\/produit\/audi-r8-bureaustoel\/","title":{"rendered":"Chaise de bureau Audi R8"},"content":{"rendered":"","protected":false},"excerpt":{"rendered":"Ce si\u00e8ge de bureau enti\u00e8rement \u00e9lectrique provient d'une Audi R8. Gr\u00e2ce \u00e0 une batterie plac\u00e9e sous le si\u00e8ge, toutes les fonctions du si\u00e8ge d'origine de l'Audi R8 peuvent encore \u00eatre utilis\u00e9es. Le si\u00e8ge de bureau est en cuir noir et rouge et pr\u00e9sente de magnifiques fondations en diamant rouge. Les accoudoirs sont \u00e9galement rembourr\u00e9s pour compl\u00e9ter l'image parfaite. Mod\u00e8le unique.","protected":false},"featured_media":10541,"comment_status":"open","ping_status":"closed","template":"","meta":{"_acf_changed":false},"product_brand":[],"product_cat":[1360,936],"product_tag":[],"class_list":{"0":"post-10540","1":"product","2":"type-product","3":"status-publish","4":"has-post-thumbnail","6":"product_cat-audi","7":"product_cat-diversen-producten","8":"product_shipping_class-auto-stoelen","10":"first","11":"outofstock","12":"taxable","13":"shipping-taxable","14":"purchasable","15":"product-type-simple"},"composite_virtual":false,"composite_layout":"","composite_add_to_cart_form_location":"","composite_editable_in_cart":false,"composite_sold_individually_context":"","composite_shop_price_calc":"","composite_components":[],"composite_scenarios":[],"exclude_global_add_ons":[],"addons":[],"acf":[],"yoast_head":null,"yoast_head_json":null,"_links":{"self":[{"href":"https:\/\/www.carseatsandparts.com\/fr\/wp-json\/wp\/v2\/product\/10540","targetHints":{"allow":["GET"]}}],"collection":[{"href":"https:\/\/www.carseatsandparts.com\/fr\/wp-json\/wp\/v2\/product"}],"about":[{"href":"https:\/\/www.carseatsandparts.com\/fr\/wp-json\/wp\/v2\/types\/product"}],"replies":[{"embeddable":true,"href":"https:\/\/www.carseatsandparts.com\/fr\/wp-json\/wp\/v2\/comments?post=10540"}],"wp:featuredmedia":[{"embeddable":true,"href":"https:\/\/www.carseatsandparts.com\/fr\/wp-json\/wp\/v2\/media\/10541"}],"wp:attachment":[{"href":"https:\/\/www.carseatsandparts.com\/fr\/wp-json\/wp\/v2\/media?parent=10540"}],"wp:term":[{"taxonomy":"product_brand","embeddable":true,"href":"https:\/\/www.carseatsandparts.com\/fr\/wp-json\/wp\/v2\/product_brand?post=10540"},{"taxonomy":"product_cat","embeddable":true,"href":"https:\/\/www.carseatsandparts.com\/fr\/wp-json\/wp\/v2\/product_cat?post=10540"},{"taxonomy":"product_tag","embeddable":true,"href":"https:\/\/www.carseatsandparts.com\/fr\/wp-json\/wp\/v2\/product_tag?post=10540"}],"curies":[{"name":"wp","href":"https:\/\/api.w.org\/{rel}","templated":true}]}}