{"id":10841,"date":"2023-03-17T13:21:46","date_gmt":"2023-03-17T12:21:46","guid":{"rendered":"https:\/\/www.carseatsandparts.com\/?post_type=product&#038;p=10841"},"modified":"2024-12-04T11:21:13","modified_gmt":"2024-12-04T10:21:13","slug":"ferrari-lounger","status":"publish","type":"product","link":"https:\/\/www.carseatsandparts.com\/fr\/produit\/ferrari-lounger\/","title":{"rendered":"Chaise longue Ferrari"},"content":{"rendered":"","protected":false},"excerpt":{"rendered":"Ce magnifique fauteuil Sparco Ferrari est enti\u00e8rement en cuir cognac. Il peut \u00eatre command\u00e9 en option en Ferrari 360, 430, 550 et 575. Cette chaise peut \u00eatre command\u00e9e en option pour les Ferrari 360, 430, 550 et 575. Elle provient d'une voiture de d\u00e9monstration et est donc comme neuve, \u00e0 l'exception de quelques signes mineurs d'utilisation.","protected":false},"featured_media":11796,"comment_status":"open","ping_status":"closed","template":"","meta":{"_acf_changed":false},"product_brand":[],"product_cat":[187],"product_tag":[1241],"class_list":{"0":"post-10841","1":"product","2":"type-product","3":"status-publish","4":"has-post-thumbnail","6":"product_cat-demo-autostoelen","7":"product_tag-sparcoferrari","8":"product_shipping_class-auto-stoelen","10":"first","11":"outofstock","12":"taxable","13":"shipping-taxable","14":"purchasable","15":"product-type-simple"},"composite_virtual":false,"composite_layout":"","composite_add_to_cart_form_location":"","composite_editable_in_cart":false,"composite_sold_individually_context":"","composite_shop_price_calc":"","composite_components":[],"composite_scenarios":[],"exclude_global_add_ons":[],"addons":[],"acf":[],"yoast_head":null,"yoast_head_json":null,"_links":{"self":[{"href":"https:\/\/www.carseatsandparts.com\/fr\/wp-json\/wp\/v2\/product\/10841","targetHints":{"allow":["GET"]}}],"collection":[{"href":"https:\/\/www.carseatsandparts.com\/fr\/wp-json\/wp\/v2\/product"}],"about":[{"href":"https:\/\/www.carseatsandparts.com\/fr\/wp-json\/wp\/v2\/types\/product"}],"replies":[{"embeddable":true,"href":"https:\/\/www.carseatsandparts.com\/fr\/wp-json\/wp\/v2\/comments?post=10841"}],"wp:featuredmedia":[{"embeddable":true,"href":"https:\/\/www.carseatsandparts.com\/fr\/wp-json\/wp\/v2\/media\/11796"}],"wp:attachment":[{"href":"https:\/\/www.carseatsandparts.com\/fr\/wp-json\/wp\/v2\/media?parent=10841"}],"wp:term":[{"taxonomy":"product_brand","embeddable":true,"href":"https:\/\/www.carseatsandparts.com\/fr\/wp-json\/wp\/v2\/product_brand?post=10841"},{"taxonomy":"product_cat","embeddable":true,"href":"https:\/\/www.carseatsandparts.com\/fr\/wp-json\/wp\/v2\/product_cat?post=10841"},{"taxonomy":"product_tag","embeddable":true,"href":"https:\/\/www.carseatsandparts.com\/fr\/wp-json\/wp\/v2\/product_tag?post=10841"}],"curies":[{"name":"wp","href":"https:\/\/api.w.org\/{rel}","templated":true}]}}