{"id":10911,"date":"2023-03-17T14:15:49","date_gmt":"2023-03-17T13:15:49","guid":{"rendered":"https:\/\/www.carseatsandparts.com\/?post_type=product&#038;p=10911"},"modified":"2026-02-16T09:17:31","modified_gmt":"2026-02-16T08:17:31","slug":"vw-golf-7-stoffen-deurpanelen","status":"publish","type":"product","link":"https:\/\/www.carseatsandparts.com\/fr\/produit\/vw-golf-7-stoffen-deurpanelen\/","title":{"rendered":"VW Golf 7 Panneaux de porte en tissu"},"content":{"rendered":"","protected":false},"excerpt":{"rendered":"Ces panneaux de porte en tissu d'une VW Golf 7 proviennent d'une voiture de d\u00e9monstration et sont donc comme neufs, \u00e0 l'exception de quelques signes mineurs d'utilisation. Les panneaux sont \u00e9quip\u00e9s de vitres \u00e9lectriques mais certains capuchons sont manquants.","protected":false},"featured_media":10912,"comment_status":"open","ping_status":"closed","template":"","meta":{"_acf_changed":false},"product_brand":[],"product_cat":[1355,116,1291],"product_tag":[],"class_list":{"0":"post-10911","1":"product","2":"type-product","3":"status-publish","4":"has-post-thumbnail","6":"product_cat-volkswagen","7":"product_cat-onderdelen","8":"product_cat-onderdelen-interieurs","9":"product_shipping_class-auto-stoelen","11":"first","12":"instock","13":"taxable","14":"shipping-taxable","15":"purchasable","16":"product-type-simple"},"composite_virtual":false,"composite_layout":"","composite_add_to_cart_form_location":"","composite_editable_in_cart":false,"composite_sold_individually_context":"","composite_shop_price_calc":"","composite_components":[],"composite_scenarios":[],"exclude_global_add_ons":[],"addons":[],"acf":[],"yoast_head":null,"yoast_head_json":null,"_links":{"self":[{"href":"https:\/\/www.carseatsandparts.com\/fr\/wp-json\/wp\/v2\/product\/10911","targetHints":{"allow":["GET"]}}],"collection":[{"href":"https:\/\/www.carseatsandparts.com\/fr\/wp-json\/wp\/v2\/product"}],"about":[{"href":"https:\/\/www.carseatsandparts.com\/fr\/wp-json\/wp\/v2\/types\/product"}],"replies":[{"embeddable":true,"href":"https:\/\/www.carseatsandparts.com\/fr\/wp-json\/wp\/v2\/comments?post=10911"}],"wp:featuredmedia":[{"embeddable":true,"href":"https:\/\/www.carseatsandparts.com\/fr\/wp-json\/wp\/v2\/media\/10912"}],"wp:attachment":[{"href":"https:\/\/www.carseatsandparts.com\/fr\/wp-json\/wp\/v2\/media?parent=10911"}],"wp:term":[{"taxonomy":"product_brand","embeddable":true,"href":"https:\/\/www.carseatsandparts.com\/fr\/wp-json\/wp\/v2\/product_brand?post=10911"},{"taxonomy":"product_cat","embeddable":true,"href":"https:\/\/www.carseatsandparts.com\/fr\/wp-json\/wp\/v2\/product_cat?post=10911"},{"taxonomy":"product_tag","embeddable":true,"href":"https:\/\/www.carseatsandparts.com\/fr\/wp-json\/wp\/v2\/product_tag?post=10911"}],"curies":[{"name":"wp","href":"https:\/\/api.w.org\/{rel}","templated":true}]}}