{"id":11156,"date":"2023-03-28T15:47:30","date_gmt":"2023-03-28T13:47:30","guid":{"rendered":"https:\/\/www.carseatsandparts.com\/?post_type=product&#038;p=11156"},"modified":"2026-01-25T02:49:14","modified_gmt":"2026-01-25T01:49:14","slug":"volkswagen-bekleding-karoso","status":"publish","type":"product","link":"https:\/\/www.carseatsandparts.com\/fr\/produit\/volkswagen-bekleding-karoso\/","title":{"rendered":"Volkswagen Upholstery KAROSO"},"content":{"rendered":"","protected":false},"excerpt":{"rendered":"Le tissu Volkswagen convient \u00e0 la Golf 7 GTI TCR de l'ann\u00e9e-mod\u00e8le 2019. Tissu plat avec bandes verticales, avant arri\u00e8re.","protected":false},"featured_media":11157,"comment_status":"open","ping_status":"closed","template":"","meta":{"_acf_changed":false},"product_brand":[],"product_cat":[225,1355],"product_tag":[1098],"class_list":{"0":"post-11156","1":"product","2":"type-product","3":"status-publish","4":"has-post-thumbnail","6":"product_cat-per-strekkende-meter","7":"product_cat-volkswagen","8":"product_tag-karoso","9":"product_shipping_class-onderdelen-console","11":"first","12":"instock","13":"taxable","14":"shipping-taxable","15":"purchasable","16":"product-type-simple"},"composite_virtual":false,"composite_layout":"","composite_add_to_cart_form_location":"","composite_editable_in_cart":false,"composite_sold_individually_context":"","composite_shop_price_calc":"","composite_components":[],"composite_scenarios":[],"exclude_global_add_ons":[],"addons":[],"acf":[],"yoast_head":null,"yoast_head_json":null,"_links":{"self":[{"href":"https:\/\/www.carseatsandparts.com\/fr\/wp-json\/wp\/v2\/product\/11156","targetHints":{"allow":["GET"]}}],"collection":[{"href":"https:\/\/www.carseatsandparts.com\/fr\/wp-json\/wp\/v2\/product"}],"about":[{"href":"https:\/\/www.carseatsandparts.com\/fr\/wp-json\/wp\/v2\/types\/product"}],"replies":[{"embeddable":true,"href":"https:\/\/www.carseatsandparts.com\/fr\/wp-json\/wp\/v2\/comments?post=11156"}],"wp:featuredmedia":[{"embeddable":true,"href":"https:\/\/www.carseatsandparts.com\/fr\/wp-json\/wp\/v2\/media\/11157"}],"wp:attachment":[{"href":"https:\/\/www.carseatsandparts.com\/fr\/wp-json\/wp\/v2\/media?parent=11156"}],"wp:term":[{"taxonomy":"product_brand","embeddable":true,"href":"https:\/\/www.carseatsandparts.com\/fr\/wp-json\/wp\/v2\/product_brand?post=11156"},{"taxonomy":"product_cat","embeddable":true,"href":"https:\/\/www.carseatsandparts.com\/fr\/wp-json\/wp\/v2\/product_cat?post=11156"},{"taxonomy":"product_tag","embeddable":true,"href":"https:\/\/www.carseatsandparts.com\/fr\/wp-json\/wp\/v2\/product_tag?post=11156"}],"curies":[{"name":"wp","href":"https:\/\/api.w.org\/{rel}","templated":true}]}}