{"id":11170,"date":"2023-03-28T16:27:07","date_gmt":"2023-03-28T14:27:07","guid":{"rendered":"https:\/\/www.carseatsandparts.com\/?post_type=product&#038;p=11170"},"modified":"2024-12-04T11:21:28","modified_gmt":"2024-12-04T10:21:28","slug":"volkswagen-bekleding-color-hahnentritt-code-jm","status":"publish","type":"product","link":"https:\/\/www.carseatsandparts.com\/fr\/product\/volkswagen-bekleding-color-hahnentritt-code-jm\/","title":{"rendered":"Volkswagen Tapisserie d'ameublement COULEUR HAHNENTRITT CODE JM"},"content":{"rendered":"","protected":false},"excerpt":{"rendered":"Le tissu Volkswagen COLOR HAHNENTRITT CODE JM convient \u00e0 la Golf 2 de l'ann\u00e9e 1991-. Tissu plat \u00e0 carreaux pied de poule.","protected":false},"featured_media":11171,"comment_status":"open","ping_status":"closed","template":"","meta":{"_acf_changed":false},"product_brand":[],"product_cat":[225,1355],"product_tag":[1105],"class_list":{"0":"post-11170","1":"product","2":"type-product","3":"status-publish","4":"has-post-thumbnail","6":"product_cat-per-strekkende-meter","7":"product_cat-volkswagen","8":"product_tag-color-hahnentritt-code-jm","9":"product_shipping_class-onderdelen-console","11":"first","12":"instock","13":"taxable","14":"shipping-taxable","15":"purchasable","16":"product-type-simple"},"composite_virtual":false,"composite_layout":"","composite_add_to_cart_form_location":"","composite_editable_in_cart":false,"composite_sold_individually_context":"","composite_shop_price_calc":"","composite_components":[],"composite_scenarios":[],"exclude_global_add_ons":[],"addons":[],"acf":[],"yoast_head":null,"yoast_head_json":null,"_links":{"self":[{"href":"https:\/\/www.carseatsandparts.com\/fr\/wp-json\/wp\/v2\/product\/11170","targetHints":{"allow":["GET"]}}],"collection":[{"href":"https:\/\/www.carseatsandparts.com\/fr\/wp-json\/wp\/v2\/product"}],"about":[{"href":"https:\/\/www.carseatsandparts.com\/fr\/wp-json\/wp\/v2\/types\/product"}],"replies":[{"embeddable":true,"href":"https:\/\/www.carseatsandparts.com\/fr\/wp-json\/wp\/v2\/comments?post=11170"}],"wp:featuredmedia":[{"embeddable":true,"href":"https:\/\/www.carseatsandparts.com\/fr\/wp-json\/wp\/v2\/media\/11171"}],"wp:attachment":[{"href":"https:\/\/www.carseatsandparts.com\/fr\/wp-json\/wp\/v2\/media?parent=11170"}],"wp:term":[{"taxonomy":"product_brand","embeddable":true,"href":"https:\/\/www.carseatsandparts.com\/fr\/wp-json\/wp\/v2\/product_brand?post=11170"},{"taxonomy":"product_cat","embeddable":true,"href":"https:\/\/www.carseatsandparts.com\/fr\/wp-json\/wp\/v2\/product_cat?post=11170"},{"taxonomy":"product_tag","embeddable":true,"href":"https:\/\/www.carseatsandparts.com\/fr\/wp-json\/wp\/v2\/product_tag?post=11170"}],"curies":[{"name":"wp","href":"https:\/\/api.w.org\/{rel}","templated":true}]}}