{"id":11253,"date":"2023-04-25T08:51:56","date_gmt":"2023-04-25T06:51:56","guid":{"rendered":"https:\/\/www.carseatsandparts.com\/?post_type=product&#038;p=11253"},"modified":"2025-03-12T10:20:53","modified_gmt":"2025-03-12T09:20:53","slug":"interieur-vw-golf-7-gti-tcr-leder-zwart-rood-stiksel-2","status":"publish","type":"product","link":"https:\/\/www.carseatsandparts.com\/fr\/product\/interieur-vw-golf-7-gti-tcr-leder-zwart-rood-stiksel-2\/","title":{"rendered":"Int\u00e9rieur VW Golf 7 GTI TCR Cuir Noir\/Piq\u00fbres rouges"},"content":{"rendered":"","protected":false},"excerpt":{"rendered":"Int\u00e9rieur Volkswagen 7 GTI TCR fini dans une combinaison de cuir noir avec des surpiq\u00fbres rouges. Plug and play \u00e0 installer dans une Golf 7. L'int\u00e9rieur provient d'une voiture de d\u00e9monstration et est comme neuf mais peut avoir quelques dommages mineurs dus au d\u00e9montage, qui peuvent tous \u00eatre vus dans les photos. Les si\u00e8ges sont chauffants, ont un dossier manuel, un r\u00e9glage manuel de la hauteur et de l'angle, un chauffage et un support lombaire manuel. A NOTER : Les airbags ne sont pas inclus dans cet int\u00e9rieur.","protected":false},"featured_media":11863,"comment_status":"open","ping_status":"closed","template":"","meta":{"_acf_changed":false},"product_brand":[],"product_cat":[113,115,1355],"product_tag":[1112,976,972,977,978,973],"class_list":{"0":"post-11253","1":"product","2":"type-product","3":"status-publish","4":"has-post-thumbnail","6":"product_cat-complete-auto-interieurs","7":"product_cat-demo-interieurs","8":"product_cat-volkswagen","9":"product_tag-1112","10":"product_tag-golf-7","11":"product_tag-interieur","12":"product_tag-mk7","13":"product_tag-tcr","14":"product_tag-volkswagen","15":"product_shipping_class-auto-interieurs","17":"first","18":"outofstock","19":"taxable","20":"shipping-taxable","21":"purchasable","22":"product-type-simple"},"composite_virtual":false,"composite_layout":"","composite_add_to_cart_form_location":"","composite_editable_in_cart":false,"composite_sold_individually_context":"","composite_shop_price_calc":"","composite_components":[],"composite_scenarios":[],"exclude_global_add_ons":[],"addons":[],"acf":[],"yoast_head":null,"yoast_head_json":null,"_links":{"self":[{"href":"https:\/\/www.carseatsandparts.com\/fr\/wp-json\/wp\/v2\/product\/11253","targetHints":{"allow":["GET"]}}],"collection":[{"href":"https:\/\/www.carseatsandparts.com\/fr\/wp-json\/wp\/v2\/product"}],"about":[{"href":"https:\/\/www.carseatsandparts.com\/fr\/wp-json\/wp\/v2\/types\/product"}],"replies":[{"embeddable":true,"href":"https:\/\/www.carseatsandparts.com\/fr\/wp-json\/wp\/v2\/comments?post=11253"}],"wp:featuredmedia":[{"embeddable":true,"href":"https:\/\/www.carseatsandparts.com\/fr\/wp-json\/wp\/v2\/media\/11863"}],"wp:attachment":[{"href":"https:\/\/www.carseatsandparts.com\/fr\/wp-json\/wp\/v2\/media?parent=11253"}],"wp:term":[{"taxonomy":"product_brand","embeddable":true,"href":"https:\/\/www.carseatsandparts.com\/fr\/wp-json\/wp\/v2\/product_brand?post=11253"},{"taxonomy":"product_cat","embeddable":true,"href":"https:\/\/www.carseatsandparts.com\/fr\/wp-json\/wp\/v2\/product_cat?post=11253"},{"taxonomy":"product_tag","embeddable":true,"href":"https:\/\/www.carseatsandparts.com\/fr\/wp-json\/wp\/v2\/product_tag?post=11253"}],"curies":[{"name":"wp","href":"https:\/\/api.w.org\/{rel}","templated":true}]}}