{"id":11286,"date":"2023-04-25T09:00:50","date_gmt":"2023-04-25T07:00:50","guid":{"rendered":"https:\/\/www.carseatsandparts.com\/?post_type=product&#038;p=11286"},"modified":"2026-01-01T23:00:09","modified_gmt":"2026-01-01T22:00:09","slug":"interieur-vw-golf-8-gti-cs-cd-grijs-rood","status":"publish","type":"product","link":"https:\/\/www.carseatsandparts.com\/fr\/produit\/interieur-vw-golf-8-gti-cs-cd-grijs-rood\/","title":{"rendered":"Int\u00e9rieur VW Golf 8 GTI CS (CD) Gris\/Rouge"},"content":{"rendered":"","protected":false},"excerpt":{"rendered":"Int\u00e9rieur Volkswagen 8 GTI CS (CD) fini dans une combinaison de cuir gris et rouge et avec le logo GTI. Installation plug and play dans une Golf 8, l'int\u00e9rieur provient d'une voiture de d\u00e9monstration et est comme neuf \u00e0 l'exception de quelques dommages mineurs dus au d\u00e9montage. Le si\u00e8ge conducteur poss\u00e8de les caract\u00e9ristiques suivantes : m\u00e9moire, r\u00e9glage \u00e9lectrique de l'angle et de la hauteur, lombaire \u00e9lectrique, chauffage et dossier \u00e9lectrique. Le si\u00e8ge passager dispose d'un r\u00e9glage manuel de la hauteur et de l'angle, d'un soutien lombaire manuel, d'un chauffage et d'un r\u00e9glage manuel du dossier. REMARQUE : Les coussins gonflables de s\u00e9curit\u00e9 ne sont pas inclus dans cet int\u00e9rieur.","protected":false},"featured_media":16599,"comment_status":"open","ping_status":"closed","template":"","meta":{"_acf_changed":false},"product_brand":[],"product_cat":[115,1355],"product_tag":[1114],"class_list":{"0":"post-11286","1":"product","2":"type-product","3":"status-publish","4":"has-post-thumbnail","6":"product_cat-demo-interieurs","7":"product_cat-volkswagen","8":"product_tag-1114","9":"product_shipping_class-auto-interieurs","11":"first","12":"instock","13":"taxable","14":"shipping-taxable","15":"purchasable","16":"product-type-simple"},"composite_virtual":false,"composite_layout":"","composite_add_to_cart_form_location":"","composite_editable_in_cart":false,"composite_sold_individually_context":"","composite_shop_price_calc":"","composite_components":[],"composite_scenarios":[],"exclude_global_add_ons":[],"addons":[],"acf":[],"yoast_head":null,"yoast_head_json":null,"_links":{"self":[{"href":"https:\/\/www.carseatsandparts.com\/fr\/wp-json\/wp\/v2\/product\/11286","targetHints":{"allow":["GET"]}}],"collection":[{"href":"https:\/\/www.carseatsandparts.com\/fr\/wp-json\/wp\/v2\/product"}],"about":[{"href":"https:\/\/www.carseatsandparts.com\/fr\/wp-json\/wp\/v2\/types\/product"}],"replies":[{"embeddable":true,"href":"https:\/\/www.carseatsandparts.com\/fr\/wp-json\/wp\/v2\/comments?post=11286"}],"wp:featuredmedia":[{"embeddable":true,"href":"https:\/\/www.carseatsandparts.com\/fr\/wp-json\/wp\/v2\/media\/16599"}],"wp:attachment":[{"href":"https:\/\/www.carseatsandparts.com\/fr\/wp-json\/wp\/v2\/media?parent=11286"}],"wp:term":[{"taxonomy":"product_brand","embeddable":true,"href":"https:\/\/www.carseatsandparts.com\/fr\/wp-json\/wp\/v2\/product_brand?post=11286"},{"taxonomy":"product_cat","embeddable":true,"href":"https:\/\/www.carseatsandparts.com\/fr\/wp-json\/wp\/v2\/product_cat?post=11286"},{"taxonomy":"product_tag","embeddable":true,"href":"https:\/\/www.carseatsandparts.com\/fr\/wp-json\/wp\/v2\/product_tag?post=11286"}],"curies":[{"name":"wp","href":"https:\/\/api.w.org\/{rel}","templated":true}]}}