{"id":11351,"date":"2023-04-25T14:27:44","date_gmt":"2023-04-25T12:27:44","guid":{"rendered":"https:\/\/www.carseatsandparts.com\/?post_type=product&#038;p=11351"},"modified":"2025-01-31T09:30:36","modified_gmt":"2025-01-31T08:30:36","slug":"interieur-vw-t-roc-r-a11-alcantara-stof-grijs-zwart-b","status":"publish","type":"product","link":"https:\/\/www.carseatsandparts.com\/fr\/product\/interieur-vw-t-roc-r-a11-alcantara-stof-grijs-zwart-b\/","title":{"rendered":"Int\u00e9rieur VW T-Roc R (A11) Cuir noir\/surpiq\u00fbres bleues"},"content":{"rendered":"","protected":false},"excerpt":{"rendered":"Int\u00e9rieur Volkswagen T-Roc R (A11) en cuir noir avec surpiq\u00fbres bleues. Installation plug and play dans un T-Roc. L'int\u00e9rieur provient d'une voiture de d\u00e9monstration et est comme neuf, \u00e0 l'exception de quelques dommages mineurs dus au d\u00e9montage. Le si\u00e8ge du conducteur pr\u00e9sente les caract\u00e9ristiques suivantes : r\u00e9glage \u00e9lectrique du dossier, r\u00e9glage \u00e9lectrique de l'angle et de la hauteur, chauffage, soutien lombaire \u00e9lectrique et fonction m\u00e9moire. Le si\u00e8ge passager dispose des fonctions suivantes : r\u00e9glage manuel du dossier, r\u00e9glage manuel de l'angle et de la hauteur, chauffage et soutien lombaire manuel. REMARQUE : Les coussins gonflables de s\u00e9curit\u00e9 ne sont pas inclus dans l'habitacle.","protected":false},"featured_media":12534,"comment_status":"open","ping_status":"closed","template":"","meta":{"_acf_changed":false},"product_brand":[1294],"product_cat":[115,1355],"product_tag":[1313,972,1116],"class_list":{"0":"post-11351","1":"product","2":"type-product","3":"status-publish","4":"has-post-thumbnail","6":"product_brand-volkswagen","7":"product_cat-demo-interieurs","8":"product_cat-volkswagen","9":"product_tag-1313","10":"product_tag-interieur","11":"product_tag-t-roc","12":"product_shipping_class-auto-interieurs","14":"first","15":"outofstock","16":"taxable","17":"shipping-taxable","18":"purchasable","19":"product-type-simple"},"composite_virtual":false,"composite_layout":"","composite_add_to_cart_form_location":"","composite_editable_in_cart":false,"composite_sold_individually_context":"","composite_shop_price_calc":"","composite_components":[],"composite_scenarios":[],"exclude_global_add_ons":[],"addons":[],"acf":[],"yoast_head":null,"yoast_head_json":null,"_links":{"self":[{"href":"https:\/\/www.carseatsandparts.com\/fr\/wp-json\/wp\/v2\/product\/11351","targetHints":{"allow":["GET"]}}],"collection":[{"href":"https:\/\/www.carseatsandparts.com\/fr\/wp-json\/wp\/v2\/product"}],"about":[{"href":"https:\/\/www.carseatsandparts.com\/fr\/wp-json\/wp\/v2\/types\/product"}],"replies":[{"embeddable":true,"href":"https:\/\/www.carseatsandparts.com\/fr\/wp-json\/wp\/v2\/comments?post=11351"}],"wp:featuredmedia":[{"embeddable":true,"href":"https:\/\/www.carseatsandparts.com\/fr\/wp-json\/wp\/v2\/media\/12534"}],"wp:attachment":[{"href":"https:\/\/www.carseatsandparts.com\/fr\/wp-json\/wp\/v2\/media?parent=11351"}],"wp:term":[{"taxonomy":"product_brand","embeddable":true,"href":"https:\/\/www.carseatsandparts.com\/fr\/wp-json\/wp\/v2\/product_brand?post=11351"},{"taxonomy":"product_cat","embeddable":true,"href":"https:\/\/www.carseatsandparts.com\/fr\/wp-json\/wp\/v2\/product_cat?post=11351"},{"taxonomy":"product_tag","embeddable":true,"href":"https:\/\/www.carseatsandparts.com\/fr\/wp-json\/wp\/v2\/product_tag?post=11351"}],"curies":[{"name":"wp","href":"https:\/\/api.w.org\/{rel}","templated":true}]}}