{"id":11366,"date":"2023-04-25T14:46:59","date_gmt":"2023-04-25T12:46:59","guid":{"rendered":"https:\/\/www.carseatsandparts.com\/?post_type=product&#038;p=11366"},"modified":"2024-12-04T11:21:28","modified_gmt":"2024-12-04T10:21:28","slug":"interieur-vw-arteon-shooting-break-r-zwart-leder","status":"publish","type":"product","link":"https:\/\/www.carseatsandparts.com\/fr\/product\/interieur-vw-arteon-shooting-break-r-zwart-leder\/","title":{"rendered":"Int\u00e9rieur VW Arteon Shooting Break R Cuir noir\/coutures bleues"},"content":{"rendered":"","protected":false},"excerpt":{"rendered":"L'int\u00e9rieur de la Volkswagen Arteon Shooting Break est disponible dans une combinaison de cuir noir et de surpiq\u00fbres bleues. L'installation est pr\u00eate \u00e0 l'emploi dans une Volkswagen Arteon. L'int\u00e9rieur provient d'une voiture de d\u00e9monstration et est comme neuf, \u00e0 l'exception de quelques dommages mineurs dus au d\u00e9montage. Le si\u00e8ge du conducteur pr\u00e9sente les caract\u00e9ristiques suivantes : m\u00e9moire, r\u00e9glage \u00e9lectrique de l'angle et de la hauteur, r\u00e9glage lombaire \u00e9lectrique et dossier \u00e9lectrique. Le si\u00e8ge passager est \u00e9quip\u00e9 d'un r\u00e9glage \u00e9lectrique de l'angle et de la hauteur, d'un support lombaire \u00e9lectrique et d'un dossier \u00e9lectrique. La banquette arri\u00e8re est \u00e9galement \u00e9quip\u00e9e d'un chauffage de si\u00e8ge. REMARQUE : Les coussins gonflables de s\u00e9curit\u00e9 ne sont pas inclus dans cet int\u00e9rieur.","protected":false},"featured_media":11937,"comment_status":"open","ping_status":"closed","template":"","meta":{"_acf_changed":false},"product_brand":[],"product_cat":[115,1355],"product_tag":[1121,1122,972],"class_list":{"0":"post-11366","1":"product","2":"type-product","3":"status-publish","4":"has-post-thumbnail","6":"product_cat-demo-interieurs","7":"product_cat-volkswagen","8":"product_tag-1121","9":"product_tag-arteon","10":"product_tag-interieur","11":"product_shipping_class-auto-interieurs","13":"first","14":"outofstock","15":"taxable","16":"shipping-taxable","17":"purchasable","18":"product-type-simple"},"composite_virtual":false,"composite_layout":"","composite_add_to_cart_form_location":"","composite_editable_in_cart":false,"composite_sold_individually_context":"","composite_shop_price_calc":"","composite_components":[],"composite_scenarios":[],"exclude_global_add_ons":[],"addons":[],"acf":[],"yoast_head":null,"yoast_head_json":null,"_links":{"self":[{"href":"https:\/\/www.carseatsandparts.com\/fr\/wp-json\/wp\/v2\/product\/11366","targetHints":{"allow":["GET"]}}],"collection":[{"href":"https:\/\/www.carseatsandparts.com\/fr\/wp-json\/wp\/v2\/product"}],"about":[{"href":"https:\/\/www.carseatsandparts.com\/fr\/wp-json\/wp\/v2\/types\/product"}],"replies":[{"embeddable":true,"href":"https:\/\/www.carseatsandparts.com\/fr\/wp-json\/wp\/v2\/comments?post=11366"}],"wp:featuredmedia":[{"embeddable":true,"href":"https:\/\/www.carseatsandparts.com\/fr\/wp-json\/wp\/v2\/media\/11937"}],"wp:attachment":[{"href":"https:\/\/www.carseatsandparts.com\/fr\/wp-json\/wp\/v2\/media?parent=11366"}],"wp:term":[{"taxonomy":"product_brand","embeddable":true,"href":"https:\/\/www.carseatsandparts.com\/fr\/wp-json\/wp\/v2\/product_brand?post=11366"},{"taxonomy":"product_cat","embeddable":true,"href":"https:\/\/www.carseatsandparts.com\/fr\/wp-json\/wp\/v2\/product_cat?post=11366"},{"taxonomy":"product_tag","embeddable":true,"href":"https:\/\/www.carseatsandparts.com\/fr\/wp-json\/wp\/v2\/product_tag?post=11366"}],"curies":[{"name":"wp","href":"https:\/\/api.w.org\/{rel}","templated":true}]}}