{"id":11455,"date":"2023-05-17T08:30:55","date_gmt":"2023-05-17T06:30:55","guid":{"rendered":"https:\/\/www.carseatsandparts.com\/?post_type=product&#038;p=11455"},"modified":"2025-05-26T08:23:49","modified_gmt":"2025-05-26T06:23:49","slug":"recaro-sportster-cs-met-bmw-performance-logo","status":"publish","type":"product","link":"https:\/\/www.carseatsandparts.com\/fr\/product\/recaro-sportster-cs-met-bmw-performance-logo\/","title":{"rendered":"RECARO Sportster CS avec logo BMW Performance"},"content":{"rendered":"","protected":false},"excerpt":{"rendered":"Ensemble de nouveaux RECARO Sportster CS ex\u00e9cut\u00e9s dans la variante de rev\u00eatement Alcantara anthracite\/cuir noir et surpiq\u00fbres grises. L'appui-t\u00eate comporte un logo BMW Performance.","protected":false},"featured_media":16562,"comment_status":"open","ping_status":"closed","template":"","meta":{"_acf_changed":false},"product_brand":[],"product_cat":[112,1359],"product_tag":[1254,1255],"class_list":{"0":"post-11455","1":"product","2":"type-product","3":"status-publish","4":"has-post-thumbnail","6":"product_cat-nieuwe-autostoelen","7":"product_cat-recaro","8":"product_tag-411-00-1s08","9":"product_tag-411-00-2s08","10":"product_shipping_class-auto-interieurs","12":"first","13":"onbackorder","14":"taxable","15":"shipping-taxable","16":"purchasable","17":"product-type-simple"},"composite_virtual":false,"composite_layout":"","composite_add_to_cart_form_location":"","composite_editable_in_cart":false,"composite_sold_individually_context":"","composite_shop_price_calc":"","composite_components":[],"composite_scenarios":[],"exclude_global_add_ons":false,"addons":[{"name":"Chauffage des si\u00e8ges","type":"multiple_choice","position":0,"required":true,"title_format":"label","default":"","description_enable":true,"description":"Souhaitez-vous que le chauffage des si\u00e8ges soit une option suppl\u00e9mentaire ?","placeholder_enable":false,"placeholder":"","display":"radiobutton","restrictions_type":"any_text","adjust_price":false,"price":"","price_type":"flat_fee","restrictions":false,"min":"0","max":"0","options":[{"label":"Geen stoelverwarming","price":"","price_type":"flat_fee","image":0,"visibility":true},{"label":"Stoelverwarming","price":"795","price_type":"flat_fee","image":0,"visibility":true}],"id":1691073975},{"name":"BRS","type":"multiple_choice","position":1,"required":true,"title_format":"label","default":"","description_enable":true,"description":"Vous voulez un airbag lat\u00e9ral ?","placeholder_enable":false,"placeholder":"","display":"radiobutton","restrictions_type":"any_text","adjust_price":false,"price":"","price_type":"flat_fee","restrictions":false,"min":"0","max":"0","options":[{"label":"Geen SAB","price":"","price_type":"flat_fee","image":0,"visibility":true},{"label":"SAB","price":"795","price_type":"flat_fee","image":0,"visibility":true}],"id":1691073976}],"acf":[],"yoast_head":null,"yoast_head_json":null,"_links":{"self":[{"href":"https:\/\/www.carseatsandparts.com\/fr\/wp-json\/wp\/v2\/product\/11455","targetHints":{"allow":["GET"]}}],"collection":[{"href":"https:\/\/www.carseatsandparts.com\/fr\/wp-json\/wp\/v2\/product"}],"about":[{"href":"https:\/\/www.carseatsandparts.com\/fr\/wp-json\/wp\/v2\/types\/product"}],"replies":[{"embeddable":true,"href":"https:\/\/www.carseatsandparts.com\/fr\/wp-json\/wp\/v2\/comments?post=11455"}],"wp:featuredmedia":[{"embeddable":true,"href":"https:\/\/www.carseatsandparts.com\/fr\/wp-json\/wp\/v2\/media\/16562"}],"wp:attachment":[{"href":"https:\/\/www.carseatsandparts.com\/fr\/wp-json\/wp\/v2\/media?parent=11455"}],"wp:term":[{"taxonomy":"product_brand","embeddable":true,"href":"https:\/\/www.carseatsandparts.com\/fr\/wp-json\/wp\/v2\/product_brand?post=11455"},{"taxonomy":"product_cat","embeddable":true,"href":"https:\/\/www.carseatsandparts.com\/fr\/wp-json\/wp\/v2\/product_cat?post=11455"},{"taxonomy":"product_tag","embeddable":true,"href":"https:\/\/www.carseatsandparts.com\/fr\/wp-json\/wp\/v2\/product_tag?post=11455"}],"curies":[{"name":"wp","href":"https:\/\/api.w.org\/{rel}","templated":true}]}}