{"id":11466,"date":"2023-05-17T08:36:43","date_gmt":"2023-05-17T06:36:43","guid":{"rendered":"https:\/\/www.carseatsandparts.com\/?post_type=product&#038;p=11466"},"modified":"2025-05-06T12:34:45","modified_gmt":"2025-05-06T10:34:45","slug":"recaro-pole-position-abe-met-bmw-m-logo","status":"publish","type":"product","link":"https:\/\/www.carseatsandparts.com\/fr\/produit\/recaro-pole-position-abe-met-bmw-m-logo\/","title":{"rendered":"RECARO Pole Position ABE avec logo BMW M"},"content":{"rendered":"","protected":false},"excerpt":{"rendered":"RECARO Pole Position ABE ex\u00e9cut\u00e9 dans la variante de rev\u00eatement Alcantara anthracite\/cuir noir. Le panneau central du dossier porte le logo BMW M.","protected":false},"featured_media":16512,"comment_status":"open","ping_status":"closed","template":"","meta":{"_acf_changed":false},"product_brand":[],"product_cat":[112,1359],"product_tag":[1140],"class_list":{"0":"post-11466","1":"product","2":"type-product","3":"status-publish","4":"has-post-thumbnail","6":"product_cat-nieuwe-autostoelen","7":"product_cat-recaro","8":"product_tag-070-77-0s08","9":"product_shipping_class-auto-stoelen","11":"first","12":"onbackorder","13":"taxable","14":"shipping-taxable","15":"purchasable","16":"product-type-simple"},"composite_virtual":false,"composite_layout":"","composite_add_to_cart_form_location":"","composite_editable_in_cart":false,"composite_sold_individually_context":"","composite_shop_price_calc":"","composite_components":[],"composite_scenarios":[],"exclude_global_add_ons":false,"addons":[{"name":"Carbon schaal","type":"multiple_choice","position":0,"required":true,"title_format":"label","default":"","description_enable":true,"description":"Wil je een carbon schaal?","placeholder_enable":false,"placeholder":"","display":"radiobutton","restrictions_type":"any_text","adjust_price":false,"price":"","price_type":"flat_fee","restrictions":false,"min":"0","max":"0","options":[{"label":"Geen carbon schaal","price":"","price_type":"flat_fee","image":0,"visibility":true},{"label":"Carbon schaal","price":"1295","price_type":"flat_fee","image":0,"visibility":true}],"id":1695917960}],"acf":[],"yoast_head":null,"yoast_head_json":null,"_links":{"self":[{"href":"https:\/\/www.carseatsandparts.com\/fr\/wp-json\/wp\/v2\/product\/11466","targetHints":{"allow":["GET"]}}],"collection":[{"href":"https:\/\/www.carseatsandparts.com\/fr\/wp-json\/wp\/v2\/product"}],"about":[{"href":"https:\/\/www.carseatsandparts.com\/fr\/wp-json\/wp\/v2\/types\/product"}],"replies":[{"embeddable":true,"href":"https:\/\/www.carseatsandparts.com\/fr\/wp-json\/wp\/v2\/comments?post=11466"}],"wp:featuredmedia":[{"embeddable":true,"href":"https:\/\/www.carseatsandparts.com\/fr\/wp-json\/wp\/v2\/media\/16512"}],"wp:attachment":[{"href":"https:\/\/www.carseatsandparts.com\/fr\/wp-json\/wp\/v2\/media?parent=11466"}],"wp:term":[{"taxonomy":"product_brand","embeddable":true,"href":"https:\/\/www.carseatsandparts.com\/fr\/wp-json\/wp\/v2\/product_brand?post=11466"},{"taxonomy":"product_cat","embeddable":true,"href":"https:\/\/www.carseatsandparts.com\/fr\/wp-json\/wp\/v2\/product_cat?post=11466"},{"taxonomy":"product_tag","embeddable":true,"href":"https:\/\/www.carseatsandparts.com\/fr\/wp-json\/wp\/v2\/product_tag?post=11466"}],"curies":[{"name":"wp","href":"https:\/\/api.w.org\/{rel}","templated":true}]}}