{"id":11476,"date":"2023-05-17T08:43:24","date_gmt":"2023-05-17T06:43:24","guid":{"rendered":"https:\/\/www.carseatsandparts.com\/?post_type=product&#038;p=11476"},"modified":"2024-12-04T11:21:29","modified_gmt":"2024-12-04T10:21:29","slug":"recaro-sportster-cs-performance-edition","status":"publish","type":"product","link":"https:\/\/www.carseatsandparts.com\/fr\/produit\/recaro-sportster-cs-performance-edition\/","title":{"rendered":"RECARO Sportster CS Performance Edition"},"content":{"rendered":"","protected":false},"excerpt":{"rendered":"Ensemble de nouveaux si\u00e8ges RECARO Sportster CS Performance Edition. Cette \u00e9dition limit\u00e9e est produite dans la variante de sellerie Dinamica noir\/rouge cuir et tissu carbone. Cette version n'est plus dans le programme de livraison de RECARO mais est encore disponible ici dans la limite des stocks disponibles. Num\u00e9ros d'article 410.00.1B05 + 410.00.2B15\r\n<ul>\r\n \t<li>Dos r\u00e9glable en continu<\/li>\r\n \t<li>Le dossier se replie avec un dispositif de d\u00e9gagement int\u00e9gr\u00e9<\/li>\r\n<\/ul>","protected":false},"featured_media":11932,"comment_status":"open","ping_status":"closed","template":"","meta":{"_acf_changed":false},"product_brand":[],"product_cat":[112,1359],"product_tag":[1242],"class_list":{"0":"post-11476","1":"product","2":"type-product","3":"status-publish","4":"has-post-thumbnail","6":"product_cat-nieuwe-autostoelen","7":"product_cat-recaro","8":"product_tag-410-00-1b05","9":"product_shipping_class-auto-interieurs","11":"first","12":"outofstock","13":"taxable","14":"shipping-taxable","15":"purchasable","16":"product-type-simple"},"composite_virtual":false,"composite_layout":"","composite_add_to_cart_form_location":"","composite_editable_in_cart":false,"composite_sold_individually_context":"","composite_shop_price_calc":"","composite_components":[],"composite_scenarios":[],"exclude_global_add_ons":[],"addons":[],"acf":[],"yoast_head":null,"yoast_head_json":null,"_links":{"self":[{"href":"https:\/\/www.carseatsandparts.com\/fr\/wp-json\/wp\/v2\/product\/11476","targetHints":{"allow":["GET"]}}],"collection":[{"href":"https:\/\/www.carseatsandparts.com\/fr\/wp-json\/wp\/v2\/product"}],"about":[{"href":"https:\/\/www.carseatsandparts.com\/fr\/wp-json\/wp\/v2\/types\/product"}],"replies":[{"embeddable":true,"href":"https:\/\/www.carseatsandparts.com\/fr\/wp-json\/wp\/v2\/comments?post=11476"}],"wp:featuredmedia":[{"embeddable":true,"href":"https:\/\/www.carseatsandparts.com\/fr\/wp-json\/wp\/v2\/media\/11932"}],"wp:attachment":[{"href":"https:\/\/www.carseatsandparts.com\/fr\/wp-json\/wp\/v2\/media?parent=11476"}],"wp:term":[{"taxonomy":"product_brand","embeddable":true,"href":"https:\/\/www.carseatsandparts.com\/fr\/wp-json\/wp\/v2\/product_brand?post=11476"},{"taxonomy":"product_cat","embeddable":true,"href":"https:\/\/www.carseatsandparts.com\/fr\/wp-json\/wp\/v2\/product_cat?post=11476"},{"taxonomy":"product_tag","embeddable":true,"href":"https:\/\/www.carseatsandparts.com\/fr\/wp-json\/wp\/v2\/product_tag?post=11476"}],"curies":[{"name":"wp","href":"https:\/\/api.w.org\/{rel}","templated":true}]}}