{"id":11580,"date":"2023-06-08T16:05:54","date_gmt":"2023-06-08T14:05:54","guid":{"rendered":"https:\/\/www.carseatsandparts.com\/?post_type=product&#038;p=11580"},"modified":"2024-12-04T11:21:30","modified_gmt":"2024-12-04T10:21:30","slug":"schuimdeel-midden-3-delige-zitting-recaro-pole-position","status":"publish","type":"product","link":"https:\/\/www.carseatsandparts.com\/fr\/produit\/schuimdeel-midden-3-delige-zitting-recaro-pole-position\/","title":{"rendered":"Si\u00e8ge central en mousse en 3 parties RECARO Pole Position"},"content":{"rendered":"<p>Partie centrale en mousse du si\u00e8ge en 3 parties d'un RECARO Pole Position. Num\u00e9ro d'article 7311304<\/p>","protected":false},"excerpt":{"rendered":"Partie centrale en mousse du si\u00e8ge en 3 parties d'un RECARO Pole Position. Num\u00e9ro d'article 7311304","protected":false},"featured_media":11581,"comment_status":"open","ping_status":"closed","template":"","meta":{"_acf_changed":false},"product_brand":[],"product_cat":[1359,178],"product_tag":[1133],"class_list":{"0":"post-11580","1":"product","2":"type-product","3":"status-publish","4":"has-post-thumbnail","6":"product_cat-recaro","7":"product_cat-rugleuning","8":"product_tag-1133","9":"product_shipping_class-onderdelen-klein-pakket","11":"first","12":"instock","13":"taxable","14":"shipping-taxable","15":"purchasable","16":"product-type-simple"},"composite_virtual":false,"composite_layout":"","composite_add_to_cart_form_location":"","composite_editable_in_cart":false,"composite_sold_individually_context":"","composite_shop_price_calc":"","composite_components":[],"composite_scenarios":[],"exclude_global_add_ons":[],"addons":[],"acf":[],"yoast_head":null,"yoast_head_json":null,"_links":{"self":[{"href":"https:\/\/www.carseatsandparts.com\/fr\/wp-json\/wp\/v2\/product\/11580","targetHints":{"allow":["GET"]}}],"collection":[{"href":"https:\/\/www.carseatsandparts.com\/fr\/wp-json\/wp\/v2\/product"}],"about":[{"href":"https:\/\/www.carseatsandparts.com\/fr\/wp-json\/wp\/v2\/types\/product"}],"replies":[{"embeddable":true,"href":"https:\/\/www.carseatsandparts.com\/fr\/wp-json\/wp\/v2\/comments?post=11580"}],"wp:featuredmedia":[{"embeddable":true,"href":"https:\/\/www.carseatsandparts.com\/fr\/wp-json\/wp\/v2\/media\/11581"}],"wp:attachment":[{"href":"https:\/\/www.carseatsandparts.com\/fr\/wp-json\/wp\/v2\/media?parent=11580"}],"wp:term":[{"taxonomy":"product_brand","embeddable":true,"href":"https:\/\/www.carseatsandparts.com\/fr\/wp-json\/wp\/v2\/product_brand?post=11580"},{"taxonomy":"product_cat","embeddable":true,"href":"https:\/\/www.carseatsandparts.com\/fr\/wp-json\/wp\/v2\/product_cat?post=11580"},{"taxonomy":"product_tag","embeddable":true,"href":"https:\/\/www.carseatsandparts.com\/fr\/wp-json\/wp\/v2\/product_tag?post=11580"}],"curies":[{"name":"wp","href":"https:\/\/api.w.org\/{rel}","templated":true}]}}