{"id":11598,"date":"2023-06-16T09:38:05","date_gmt":"2023-06-16T07:38:05","guid":{"rendered":"https:\/\/www.carseatsandparts.com\/?post_type=product&#038;p=11598"},"modified":"2025-03-24T14:03:34","modified_gmt":"2025-03-24T13:03:34","slug":"schuimdeel-volkswagen-t5-bj-2003-2015","status":"publish","type":"product","link":"https:\/\/www.carseatsandparts.com\/fr\/product\/schuimdeel-volkswagen-t5-bj-2003-2015\/","title":{"rendered":"Pi\u00e8ce de mousse Volkswagen T5 Ann\u00e9e de fabrication 2003-2015"},"content":{"rendered":"","protected":false},"excerpt":{"rendered":"<strong data-start=\"61\" data-end=\"134\">Mousse pour le si\u00e8ge d'un Volkswagen T5 (construction 2003-2015)<\/strong>\r\n\r\n<strong data-start=\"138\" data-end=\"185\">Restaurez le confort d'assise de votre Volkswagen T5<\/strong>\r\n\r\nLe si\u00e8ge de votre Volkswagen T5 est devenu moins confortable \u00e0 cause de l'usure ? Cette pi\u00e8ce en mousse de remplacement offre la solution id\u00e9ale pour restaurer le soutien et le confort d'assise d'origine de votre si\u00e8ge de voiture. Ainsi, chaque trajet sera \u00e0 nouveau confortable et ergonomique.","protected":false},"featured_media":11599,"comment_status":"open","ping_status":"closed","template":"","meta":{"_acf_changed":false},"product_brand":[],"product_cat":[177,1355],"product_tag":[1155],"class_list":{"0":"post-11598","1":"product","2":"type-product","3":"status-publish","4":"has-post-thumbnail","6":"product_cat-zitting","7":"product_cat-volkswagen","8":"product_tag-bestell-nr-08","9":"product_shipping_class-onderdelen-console","11":"first","12":"instock","13":"taxable","14":"shipping-taxable","15":"purchasable","16":"product-type-simple"},"composite_virtual":false,"composite_layout":"","composite_add_to_cart_form_location":"","composite_editable_in_cart":false,"composite_sold_individually_context":"","composite_shop_price_calc":"","composite_components":[],"composite_scenarios":[],"exclude_global_add_ons":[],"addons":[],"acf":[],"yoast_head":null,"yoast_head_json":null,"_links":{"self":[{"href":"https:\/\/www.carseatsandparts.com\/fr\/wp-json\/wp\/v2\/product\/11598","targetHints":{"allow":["GET"]}}],"collection":[{"href":"https:\/\/www.carseatsandparts.com\/fr\/wp-json\/wp\/v2\/product"}],"about":[{"href":"https:\/\/www.carseatsandparts.com\/fr\/wp-json\/wp\/v2\/types\/product"}],"replies":[{"embeddable":true,"href":"https:\/\/www.carseatsandparts.com\/fr\/wp-json\/wp\/v2\/comments?post=11598"}],"wp:featuredmedia":[{"embeddable":true,"href":"https:\/\/www.carseatsandparts.com\/fr\/wp-json\/wp\/v2\/media\/11599"}],"wp:attachment":[{"href":"https:\/\/www.carseatsandparts.com\/fr\/wp-json\/wp\/v2\/media?parent=11598"}],"wp:term":[{"taxonomy":"product_brand","embeddable":true,"href":"https:\/\/www.carseatsandparts.com\/fr\/wp-json\/wp\/v2\/product_brand?post=11598"},{"taxonomy":"product_cat","embeddable":true,"href":"https:\/\/www.carseatsandparts.com\/fr\/wp-json\/wp\/v2\/product_cat?post=11598"},{"taxonomy":"product_tag","embeddable":true,"href":"https:\/\/www.carseatsandparts.com\/fr\/wp-json\/wp\/v2\/product_tag?post=11598"}],"curies":[{"name":"wp","href":"https:\/\/api.w.org\/{rel}","templated":true}]}}