{"id":11602,"date":"2023-06-16T10:00:55","date_gmt":"2023-06-16T08:00:55","guid":{"rendered":"https:\/\/www.carseatsandparts.com\/?post_type=product&#038;p=11602"},"modified":"2024-12-05T15:55:53","modified_gmt":"2024-12-05T14:55:53","slug":"schuimdeel-vw-golf-5-passat-bj-2003-2008","status":"publish","type":"product","link":"https:\/\/www.carseatsandparts.com\/fr\/product\/schuimdeel-vw-golf-5-passat-bj-2003-2008\/","title":{"rendered":"Pi\u00e8ce en mousse VW Golf 5 \/ Passat ann\u00e9e 2003-2008"},"content":{"rendered":"","protected":false},"excerpt":{"rendered":"Mousse pour le si\u00e8ge de la VW Golf 5 \/ Passat Ann\u00e9e de fabrication 2003-2008\r\n\r\nPi\u00e8ce en mousse pour VW Golf 5 \/ Passat\r\nLa pi\u00e8ce en mousse pour VW Golf 5 \/ Passat est une solution id\u00e9ale pour restaurer le soutien et le confort de votre si\u00e8ge auto. Que votre pi\u00e8ce en mousse actuelle soit us\u00e9e par des ann\u00e9es d'utilisation ou qu'elle n'offre tout simplement plus le soutien souhait\u00e9, cette pi\u00e8ce en mousse de remplacement vous aidera \u00e0 remettre votre si\u00e8ge en \u00e9tat.\r\n\r\nPrincipaux avantages :\r\nConfort am\u00e9lior\u00e9 : r\u00e9tablit le soutien d'origine et offre une exp\u00e9rience d'assise confortable.\r\nDurabilit\u00e9 : Fabriqu\u00e9e en mousse de haute qualit\u00e9, elle est r\u00e9sistante \u00e0 l'usure et peut \u00eatre utilis\u00e9e \u00e0 long terme.\r\nFacile \u00e0 remplacer : Cette pi\u00e8ce en mousse est con\u00e7ue pour \u00eatre facilement remplac\u00e9e.\r\nAjustement parfait : Sp\u00e9cialement con\u00e7u pour s'adapter parfaitement au si\u00e8ge d'origine de la VW Golf 5 \/ Passat.\r\n\r\nPourquoi remplacer une pi\u00e8ce en mousse ?\r\nAvec le temps, la mousse des si\u00e8ges de voiture peut perdre sa forme, ce qui r\u00e9duit le soutien et le confort. Le remplacement de la mousse est un moyen pratique et abordable de r\u00e9tablir le confort d'assise et de prolonger la dur\u00e9e de vie de votre si\u00e8ge. C'est particuli\u00e8rement important pour les personnes qui parcourent beaucoup de kilom\u00e8tres et pour celles qui appr\u00e9cient les si\u00e8ges ergonomiques.","protected":false},"featured_media":11603,"comment_status":"open","ping_status":"closed","template":"","meta":{"_acf_changed":false},"product_brand":[],"product_cat":[177,1355],"product_tag":[1157],"class_list":{"0":"post-11602","1":"product","2":"type-product","3":"status-publish","4":"has-post-thumbnail","6":"product_cat-zitting","7":"product_cat-volkswagen","8":"product_tag-bestell-nr-53","9":"product_shipping_class-onderdelen-console","11":"first","12":"instock","13":"taxable","14":"shipping-taxable","15":"purchasable","16":"product-type-simple"},"composite_virtual":false,"composite_layout":"","composite_add_to_cart_form_location":"","composite_editable_in_cart":false,"composite_sold_individually_context":"","composite_shop_price_calc":"","composite_components":[],"composite_scenarios":[],"exclude_global_add_ons":[],"addons":[],"acf":[],"yoast_head":null,"yoast_head_json":null,"_links":{"self":[{"href":"https:\/\/www.carseatsandparts.com\/fr\/wp-json\/wp\/v2\/product\/11602","targetHints":{"allow":["GET"]}}],"collection":[{"href":"https:\/\/www.carseatsandparts.com\/fr\/wp-json\/wp\/v2\/product"}],"about":[{"href":"https:\/\/www.carseatsandparts.com\/fr\/wp-json\/wp\/v2\/types\/product"}],"replies":[{"embeddable":true,"href":"https:\/\/www.carseatsandparts.com\/fr\/wp-json\/wp\/v2\/comments?post=11602"}],"wp:featuredmedia":[{"embeddable":true,"href":"https:\/\/www.carseatsandparts.com\/fr\/wp-json\/wp\/v2\/media\/11603"}],"wp:attachment":[{"href":"https:\/\/www.carseatsandparts.com\/fr\/wp-json\/wp\/v2\/media?parent=11602"}],"wp:term":[{"taxonomy":"product_brand","embeddable":true,"href":"https:\/\/www.carseatsandparts.com\/fr\/wp-json\/wp\/v2\/product_brand?post=11602"},{"taxonomy":"product_cat","embeddable":true,"href":"https:\/\/www.carseatsandparts.com\/fr\/wp-json\/wp\/v2\/product_cat?post=11602"},{"taxonomy":"product_tag","embeddable":true,"href":"https:\/\/www.carseatsandparts.com\/fr\/wp-json\/wp\/v2\/product_tag?post=11602"}],"curies":[{"name":"wp","href":"https:\/\/api.w.org\/{rel}","templated":true}]}}