{"id":11667,"date":"2023-07-11T14:09:49","date_gmt":"2023-07-11T12:09:49","guid":{"rendered":"https:\/\/www.carseatsandparts.com\/?post_type=product&#038;p=11667"},"modified":"2026-05-07T11:13:56","modified_gmt":"2026-05-07T09:13:56","slug":"schuimdeel-mercedes-benz-w111-rugleuning-bj-1968","status":"publish","type":"product","link":"https:\/\/www.carseatsandparts.com\/fr\/product\/schuimdeel-mercedes-benz-w111-rugleuning-bj-1968\/","title":{"rendered":"Pi\u00e8ce en mousse Dossier Mercedes Benz W111 Ann\u00e9e de fabrication. 1968"},"content":{"rendered":"","protected":false},"excerpt":{"rendered":"Mousse pour le dossier d'une Mercedes Benz W111 \u00e0 partir de la construction. 1968\r\n\r\n<strong>Mousse pour Mercedes Benz W111<\/strong>\r\n\r\nLa pi\u00e8ce en mousse pour Mercedes Benz W111 est une solution id\u00e9ale pour restaurer le soutien et le confort d'assise de votre si\u00e8ge de voiture. Que votre pi\u00e8ce en mousse actuelle soit us\u00e9e par des ann\u00e9es d'utilisation ou qu'elle n'offre tout simplement plus le soutien souhait\u00e9, cette pi\u00e8ce en mousse de remplacement vous aidera \u00e0 remettre votre si\u00e8ge en parfait \u00e9tat.","protected":false},"featured_media":11668,"comment_status":"open","ping_status":"closed","template":"","meta":{"_acf_changed":false},"product_brand":[],"product_cat":[178],"product_tag":[1177],"class_list":{"0":"post-11667","1":"product","2":"type-product","3":"status-publish","4":"has-post-thumbnail","6":"product_cat-rugleuning","7":"product_tag-bestell-nr-93","8":"product_shipping_class-onderdelen-console","10":"first","11":"instock","12":"taxable","13":"shipping-taxable","14":"purchasable","15":"product-type-simple"},"composite_virtual":false,"composite_layout":"","composite_add_to_cart_form_location":"","composite_editable_in_cart":false,"composite_sold_individually_context":"","composite_shop_price_calc":"","composite_components":[],"composite_scenarios":[],"exclude_global_add_ons":[],"addons":[],"acf":[],"yoast_head":null,"yoast_head_json":null,"_links":{"self":[{"href":"https:\/\/www.carseatsandparts.com\/fr\/wp-json\/wp\/v2\/product\/11667","targetHints":{"allow":["GET"]}}],"collection":[{"href":"https:\/\/www.carseatsandparts.com\/fr\/wp-json\/wp\/v2\/product"}],"about":[{"href":"https:\/\/www.carseatsandparts.com\/fr\/wp-json\/wp\/v2\/types\/product"}],"replies":[{"embeddable":true,"href":"https:\/\/www.carseatsandparts.com\/fr\/wp-json\/wp\/v2\/comments?post=11667"}],"wp:featuredmedia":[{"embeddable":true,"href":"https:\/\/www.carseatsandparts.com\/fr\/wp-json\/wp\/v2\/media\/11668"}],"wp:attachment":[{"href":"https:\/\/www.carseatsandparts.com\/fr\/wp-json\/wp\/v2\/media?parent=11667"}],"wp:term":[{"taxonomy":"product_brand","embeddable":true,"href":"https:\/\/www.carseatsandparts.com\/fr\/wp-json\/wp\/v2\/product_brand?post=11667"},{"taxonomy":"product_cat","embeddable":true,"href":"https:\/\/www.carseatsandparts.com\/fr\/wp-json\/wp\/v2\/product_cat?post=11667"},{"taxonomy":"product_tag","embeddable":true,"href":"https:\/\/www.carseatsandparts.com\/fr\/wp-json\/wp\/v2\/product_tag?post=11667"}],"curies":[{"name":"wp","href":"https:\/\/api.w.org\/{rel}","templated":true}]}}