{"id":11723,"date":"2023-07-12T09:07:35","date_gmt":"2023-07-12T07:07:35","guid":{"rendered":"https:\/\/www.carseatsandparts.com\/?post_type=product&#038;p=11723"},"modified":"2024-12-06T13:21:10","modified_gmt":"2024-12-06T12:21:10","slug":"schuimdeel-zitting-mercedes-benz-g-klasse","status":"publish","type":"product","link":"https:\/\/www.carseatsandparts.com\/fr\/produit\/schuimdeel-zitting-mercedes-benz-g-klasse\/","title":{"rendered":"Partie mousse si\u00e8ge Mercedes Benz G-Class"},"content":{"rendered":"","protected":false},"excerpt":{"rendered":"Mousse pour le si\u00e8ge d'une Mercedes Benz Classe G\r\n\r\n<strong>Mousse pour Mercedes Benz G-Class<\/strong>\r\n\r\nLa pi\u00e8ce en mousse pour Mercedes Benz Classe G est une solution id\u00e9ale pour restaurer le soutien et le confort d'assise de votre si\u00e8ge de voiture. Que votre pi\u00e8ce en mousse actuelle soit us\u00e9e par des ann\u00e9es d'utilisation ou qu'elle n'offre tout simplement plus le soutien souhait\u00e9, cette pi\u00e8ce en mousse de remplacement vous aidera \u00e0 remettre votre si\u00e8ge en parfait \u00e9tat.\r\n\r\n<strong>Principaux avantages :<\/strong>\r\n\r\nConfort am\u00e9lior\u00e9 : r\u00e9tablit le soutien d'origine et offre une exp\u00e9rience d'assise confortable.\r\n\r\n<strong>Durabilit\u00e9 : <\/strong>Fabriqu\u00e9 en mousse de haute qualit\u00e9 r\u00e9sistante \u00e0 l'abrasion et pour une utilisation \u00e0 long terme.\r\n\r\nFacile \u00e0 remplacer : Cette pi\u00e8ce en mousse est con\u00e7ue pour \u00eatre facilement remplac\u00e9e.\r\n\r\n<strong>Un ajustement parfait :<\/strong> Sp\u00e9cialement con\u00e7u pour s'adapter parfaitement au design original du si\u00e8ge de la Mercedes Benz Classe G.\r\n\r\n<strong>Pourquoi remplacer une pi\u00e8ce en mousse ?<\/strong>\r\n\r\nAvec le temps, la mousse des si\u00e8ges de voiture peut perdre sa forme, ce qui r\u00e9duit le soutien et le confort. Le remplacement de la mousse est un moyen pratique et abordable de r\u00e9tablir le confort d'assise et de prolonger la dur\u00e9e de vie de votre si\u00e8ge. C'est particuli\u00e8rement important pour les personnes qui parcourent beaucoup de kilom\u00e8tres et pour celles qui appr\u00e9cient les si\u00e8ges ergonomiques.","protected":false},"featured_media":11724,"comment_status":"open","ping_status":"closed","template":"","meta":{"_acf_changed":false},"product_brand":[],"product_cat":[177],"product_tag":[1205],"class_list":{"0":"post-11723","1":"product","2":"type-product","3":"status-publish","4":"has-post-thumbnail","6":"product_cat-zitting","7":"product_tag-bestell-nr-122","8":"product_shipping_class-onderdelen-console","10":"first","11":"instock","12":"taxable","13":"shipping-taxable","14":"purchasable","15":"product-type-simple"},"composite_virtual":false,"composite_layout":"","composite_add_to_cart_form_location":"","composite_editable_in_cart":false,"composite_sold_individually_context":"","composite_shop_price_calc":"","composite_components":[],"composite_scenarios":[],"exclude_global_add_ons":[],"addons":[],"acf":[],"yoast_head":null,"yoast_head_json":null,"_links":{"self":[{"href":"https:\/\/www.carseatsandparts.com\/fr\/wp-json\/wp\/v2\/product\/11723","targetHints":{"allow":["GET"]}}],"collection":[{"href":"https:\/\/www.carseatsandparts.com\/fr\/wp-json\/wp\/v2\/product"}],"about":[{"href":"https:\/\/www.carseatsandparts.com\/fr\/wp-json\/wp\/v2\/types\/product"}],"replies":[{"embeddable":true,"href":"https:\/\/www.carseatsandparts.com\/fr\/wp-json\/wp\/v2\/comments?post=11723"}],"wp:featuredmedia":[{"embeddable":true,"href":"https:\/\/www.carseatsandparts.com\/fr\/wp-json\/wp\/v2\/media\/11724"}],"wp:attachment":[{"href":"https:\/\/www.carseatsandparts.com\/fr\/wp-json\/wp\/v2\/media?parent=11723"}],"wp:term":[{"taxonomy":"product_brand","embeddable":true,"href":"https:\/\/www.carseatsandparts.com\/fr\/wp-json\/wp\/v2\/product_brand?post=11723"},{"taxonomy":"product_cat","embeddable":true,"href":"https:\/\/www.carseatsandparts.com\/fr\/wp-json\/wp\/v2\/product_cat?post=11723"},{"taxonomy":"product_tag","embeddable":true,"href":"https:\/\/www.carseatsandparts.com\/fr\/wp-json\/wp\/v2\/product_tag?post=11723"}],"curies":[{"name":"wp","href":"https:\/\/api.w.org\/{rel}","templated":true}]}}