{"id":11878,"date":"2023-08-02T10:13:38","date_gmt":"2023-08-02T08:13:38","guid":{"rendered":"https:\/\/www.carseatsandparts.com\/?post_type=product&#038;p=11878"},"modified":"2025-02-13T13:41:10","modified_gmt":"2025-02-13T12:41:10","slug":"bride-extra-laag-inbouwconsole-toyota-yaris-gr-rechts","status":"publish","type":"product","link":"https:\/\/www.carseatsandparts.com\/fr\/produit\/bride-extra-laag-inbouwconsole-toyota-yaris-gr-rechts\/","title":{"rendered":"Console encastr\u00e9e extra-basse Bride Toyota Yaris GR Droite"},"content":{"rendered":"<p>Console int\u00e9gr\u00e9e pour la Toyota Yaris GR c\u00f4t\u00e9 passager. Cette console encastrable est adapt\u00e9e \u00e0 tous les si\u00e8ges auto RECARO et permet d'avoir un si\u00e8ge plus bas qu'avec une console encastrable standard. Num\u00e9ro d'article T407FO<\/p>","protected":false},"excerpt":{"rendered":"Console int\u00e9gr\u00e9e pour la Toyota Yaris GR c\u00f4t\u00e9 passager. Cette console encastrable est adapt\u00e9e \u00e0 tous les si\u00e8ges auto RECARO et permet d'avoir un si\u00e8ge plus bas qu'avec une console encastrable standard. Num\u00e9ro d'article T407FO","protected":false},"featured_media":11879,"comment_status":"open","ping_status":"closed","template":"","meta":{"_acf_changed":false},"product_brand":[],"product_cat":[158],"product_tag":[1274],"class_list":{"0":"post-11878","1":"product","2":"type-product","3":"status-publish","4":"has-post-thumbnail","6":"product_cat-consoles","7":"product_tag-t407fo","8":"product_shipping_class-onderdelen-console","10":"first","11":"onbackorder","12":"taxable","13":"shipping-taxable","14":"purchasable","15":"product-type-simple"},"composite_virtual":false,"composite_layout":"","composite_add_to_cart_form_location":"","composite_editable_in_cart":false,"composite_sold_individually_context":"","composite_shop_price_calc":"","composite_components":[],"composite_scenarios":[],"exclude_global_add_ons":[],"addons":[],"acf":[],"yoast_head":null,"yoast_head_json":null,"_links":{"self":[{"href":"https:\/\/www.carseatsandparts.com\/fr\/wp-json\/wp\/v2\/product\/11878","targetHints":{"allow":["GET"]}}],"collection":[{"href":"https:\/\/www.carseatsandparts.com\/fr\/wp-json\/wp\/v2\/product"}],"about":[{"href":"https:\/\/www.carseatsandparts.com\/fr\/wp-json\/wp\/v2\/types\/product"}],"replies":[{"embeddable":true,"href":"https:\/\/www.carseatsandparts.com\/fr\/wp-json\/wp\/v2\/comments?post=11878"}],"wp:featuredmedia":[{"embeddable":true,"href":"https:\/\/www.carseatsandparts.com\/fr\/wp-json\/wp\/v2\/media\/11879"}],"wp:attachment":[{"href":"https:\/\/www.carseatsandparts.com\/fr\/wp-json\/wp\/v2\/media?parent=11878"}],"wp:term":[{"taxonomy":"product_brand","embeddable":true,"href":"https:\/\/www.carseatsandparts.com\/fr\/wp-json\/wp\/v2\/product_brand?post=11878"},{"taxonomy":"product_cat","embeddable":true,"href":"https:\/\/www.carseatsandparts.com\/fr\/wp-json\/wp\/v2\/product_cat?post=11878"},{"taxonomy":"product_tag","embeddable":true,"href":"https:\/\/www.carseatsandparts.com\/fr\/wp-json\/wp\/v2\/product_tag?post=11878"}],"curies":[{"name":"wp","href":"https:\/\/api.w.org\/{rel}","templated":true}]}}