{"id":11884,"date":"2023-08-02T10:21:02","date_gmt":"2023-08-02T08:21:02","guid":{"rendered":"https:\/\/www.carseatsandparts.com\/?post_type=product&#038;p=11884"},"modified":"2025-02-13T13:41:54","modified_gmt":"2025-02-13T12:41:54","slug":"bride-extra-laag-inbouwconsole-toyota-yaris-gr-links","status":"publish","type":"product","link":"https:\/\/www.carseatsandparts.com\/fr\/produit\/bride-extra-laag-inbouwconsole-toyota-yaris-gr-links\/","title":{"rendered":"Console encastr\u00e9e extra basse Bride Toyota Yaris GR Gauche"},"content":{"rendered":"<p>Console int\u00e9gr\u00e9e Bride pour la Toyota Yaris GR c\u00f4t\u00e9 conducteur. Cette console int\u00e9gr\u00e9e est adapt\u00e9e \u00e0 tous les si\u00e8ges auto RECARO et permet d'avoir un si\u00e8ge plus bas qu'avec une console int\u00e9gr\u00e9e standard. Num\u00e9ro d'article T408FO<\/p>","protected":false},"excerpt":{"rendered":"Console int\u00e9gr\u00e9e Bride pour la Toyota Yaris GR c\u00f4t\u00e9 conducteur. Cette console int\u00e9gr\u00e9e est adapt\u00e9e \u00e0 tous les si\u00e8ges auto RECARO et permet d'avoir un si\u00e8ge plus bas qu'avec une console int\u00e9gr\u00e9e standard. Num\u00e9ro d'article T408FO","protected":false},"featured_media":11888,"comment_status":"open","ping_status":"closed","template":"","meta":{"_acf_changed":false},"product_brand":[],"product_cat":[158],"product_tag":[1273],"class_list":{"0":"post-11884","1":"product","2":"type-product","3":"status-publish","4":"has-post-thumbnail","6":"product_cat-consoles","7":"product_tag-t408fo","8":"product_shipping_class-onderdelen-console","10":"first","11":"onbackorder","12":"taxable","13":"shipping-taxable","14":"purchasable","15":"product-type-simple"},"composite_virtual":false,"composite_layout":"","composite_add_to_cart_form_location":"","composite_editable_in_cart":false,"composite_sold_individually_context":"","composite_shop_price_calc":"","composite_components":[],"composite_scenarios":[],"exclude_global_add_ons":[],"addons":[],"acf":[],"yoast_head":null,"yoast_head_json":null,"_links":{"self":[{"href":"https:\/\/www.carseatsandparts.com\/fr\/wp-json\/wp\/v2\/product\/11884","targetHints":{"allow":["GET"]}}],"collection":[{"href":"https:\/\/www.carseatsandparts.com\/fr\/wp-json\/wp\/v2\/product"}],"about":[{"href":"https:\/\/www.carseatsandparts.com\/fr\/wp-json\/wp\/v2\/types\/product"}],"replies":[{"embeddable":true,"href":"https:\/\/www.carseatsandparts.com\/fr\/wp-json\/wp\/v2\/comments?post=11884"}],"wp:featuredmedia":[{"embeddable":true,"href":"https:\/\/www.carseatsandparts.com\/fr\/wp-json\/wp\/v2\/media\/11888"}],"wp:attachment":[{"href":"https:\/\/www.carseatsandparts.com\/fr\/wp-json\/wp\/v2\/media?parent=11884"}],"wp:term":[{"taxonomy":"product_brand","embeddable":true,"href":"https:\/\/www.carseatsandparts.com\/fr\/wp-json\/wp\/v2\/product_brand?post=11884"},{"taxonomy":"product_cat","embeddable":true,"href":"https:\/\/www.carseatsandparts.com\/fr\/wp-json\/wp\/v2\/product_cat?post=11884"},{"taxonomy":"product_tag","embeddable":true,"href":"https:\/\/www.carseatsandparts.com\/fr\/wp-json\/wp\/v2\/product_tag?post=11884"}],"curies":[{"name":"wp","href":"https:\/\/api.w.org\/{rel}","templated":true}]}}