{"id":11892,"date":"2023-08-03T11:47:55","date_gmt":"2023-08-03T09:47:55","guid":{"rendered":"https:\/\/www.carseatsandparts.com\/?post_type=product&#038;p=11892"},"modified":"2024-12-04T11:21:40","modified_gmt":"2024-12-04T10:21:40","slug":"recaro-afc-ajax-dug-outstoel","status":"publish","type":"product","link":"https:\/\/www.carseatsandparts.com\/fr\/product\/recaro-afc-ajax-dug-outstoel\/","title":{"rendered":"RECARO AFC Ajax Original Dugout Seat"},"content":{"rendered":"","protected":false},"excerpt":{"rendered":"Fauteuil de touche officiel de l'AFC Ajax pour les saisons 2005 \u00e0 2009. Cette chaise a \u00e9t\u00e9 utilis\u00e9e comme si\u00e8ge de salle d'exposition et a \u00e9t\u00e9 recouverte de cuir artificiel rouge et blanc et pourvue des logos de l'AFC Ajax, d'Adidas, d'Audi et d'ABN-AMRO. Un exemplaire unique pour le vrai fan de l'Ajax !","protected":false},"featured_media":11893,"comment_status":"open","ping_status":"closed","template":"","meta":{"_acf_changed":false},"product_brand":[],"product_cat":[187,1359],"product_tag":[1270],"class_list":{"0":"post-11892","1":"product","2":"type-product","3":"status-publish","4":"has-post-thumbnail","6":"product_cat-demo-autostoelen","7":"product_cat-recaro","8":"product_tag-1270","9":"product_shipping_class-auto-interieurs","11":"first","12":"outofstock","13":"sold-individually","14":"taxable","15":"shipping-taxable","16":"purchasable","17":"product-type-simple"},"composite_virtual":false,"composite_layout":"","composite_add_to_cart_form_location":"","composite_editable_in_cart":false,"composite_sold_individually_context":"","composite_shop_price_calc":"","composite_components":[],"composite_scenarios":[],"exclude_global_add_ons":[],"addons":[],"acf":[],"yoast_head":null,"yoast_head_json":null,"_links":{"self":[{"href":"https:\/\/www.carseatsandparts.com\/fr\/wp-json\/wp\/v2\/product\/11892","targetHints":{"allow":["GET"]}}],"collection":[{"href":"https:\/\/www.carseatsandparts.com\/fr\/wp-json\/wp\/v2\/product"}],"about":[{"href":"https:\/\/www.carseatsandparts.com\/fr\/wp-json\/wp\/v2\/types\/product"}],"replies":[{"embeddable":true,"href":"https:\/\/www.carseatsandparts.com\/fr\/wp-json\/wp\/v2\/comments?post=11892"}],"wp:featuredmedia":[{"embeddable":true,"href":"https:\/\/www.carseatsandparts.com\/fr\/wp-json\/wp\/v2\/media\/11893"}],"wp:attachment":[{"href":"https:\/\/www.carseatsandparts.com\/fr\/wp-json\/wp\/v2\/media?parent=11892"}],"wp:term":[{"taxonomy":"product_brand","embeddable":true,"href":"https:\/\/www.carseatsandparts.com\/fr\/wp-json\/wp\/v2\/product_brand?post=11892"},{"taxonomy":"product_cat","embeddable":true,"href":"https:\/\/www.carseatsandparts.com\/fr\/wp-json\/wp\/v2\/product_cat?post=11892"},{"taxonomy":"product_tag","embeddable":true,"href":"https:\/\/www.carseatsandparts.com\/fr\/wp-json\/wp\/v2\/product_tag?post=11892"}],"curies":[{"name":"wp","href":"https:\/\/api.w.org\/{rel}","templated":true}]}}