{"id":12072,"date":"2023-08-24T10:02:25","date_gmt":"2023-08-24T08:02:25","guid":{"rendered":"https:\/\/www.carseatsandparts.com\/?post_type=product&#038;p=12072"},"modified":"2024-12-04T11:21:40","modified_gmt":"2024-12-04T10:21:40","slug":"interieur-mini-clubman-f54-john-cooper-works","status":"publish","type":"product","link":"https:\/\/www.carseatsandparts.com\/fr\/product\/interieur-mini-clubman-f54-john-cooper-works\/","title":{"rendered":"Int\u00e9rieur Mini Clubman (F54) John Cooper Works"},"content":{"rendered":"","protected":false},"excerpt":{"rendered":"Int\u00e9rieur Mini Clubman John Cooper Works (F54) en tissu noir avec Alcantara et surpiq\u00fbres blanches. Les si\u00e8ges ont les caract\u00e9ristiques suivantes : r\u00e9glage manuel du dossier, r\u00e9glage manuel de la hauteur et extension manuelle du si\u00e8ge. L'int\u00e9rieur provient d'une voiture de d\u00e9monstration et est comme neuf.","protected":false},"featured_media":12073,"comment_status":"open","ping_status":"closed","template":"","meta":{"_acf_changed":false},"product_brand":[],"product_cat":[115],"product_tag":[1269,1318],"class_list":{"0":"post-12072","1":"product","2":"type-product","3":"status-publish","4":"has-post-thumbnail","6":"product_cat-demo-interieurs","7":"product_tag-1269","8":"product_tag-mini-cooper","9":"product_shipping_class-auto-interieurs","11":"first","12":"outofstock","13":"taxable","14":"shipping-taxable","15":"purchasable","16":"product-type-simple"},"composite_virtual":false,"composite_layout":"","composite_add_to_cart_form_location":"","composite_editable_in_cart":false,"composite_sold_individually_context":"","composite_shop_price_calc":"","composite_components":[],"composite_scenarios":[],"exclude_global_add_ons":[],"addons":[],"acf":[],"yoast_head":null,"yoast_head_json":null,"_links":{"self":[{"href":"https:\/\/www.carseatsandparts.com\/fr\/wp-json\/wp\/v2\/product\/12072","targetHints":{"allow":["GET"]}}],"collection":[{"href":"https:\/\/www.carseatsandparts.com\/fr\/wp-json\/wp\/v2\/product"}],"about":[{"href":"https:\/\/www.carseatsandparts.com\/fr\/wp-json\/wp\/v2\/types\/product"}],"replies":[{"embeddable":true,"href":"https:\/\/www.carseatsandparts.com\/fr\/wp-json\/wp\/v2\/comments?post=12072"}],"wp:featuredmedia":[{"embeddable":true,"href":"https:\/\/www.carseatsandparts.com\/fr\/wp-json\/wp\/v2\/media\/12073"}],"wp:attachment":[{"href":"https:\/\/www.carseatsandparts.com\/fr\/wp-json\/wp\/v2\/media?parent=12072"}],"wp:term":[{"taxonomy":"product_brand","embeddable":true,"href":"https:\/\/www.carseatsandparts.com\/fr\/wp-json\/wp\/v2\/product_brand?post=12072"},{"taxonomy":"product_cat","embeddable":true,"href":"https:\/\/www.carseatsandparts.com\/fr\/wp-json\/wp\/v2\/product_cat?post=12072"},{"taxonomy":"product_tag","embeddable":true,"href":"https:\/\/www.carseatsandparts.com\/fr\/wp-json\/wp\/v2\/product_tag?post=12072"}],"curies":[{"name":"wp","href":"https:\/\/api.w.org\/{rel}","templated":true}]}}