{"id":12287,"date":"2023-10-11T08:40:15","date_gmt":"2023-10-11T06:40:15","guid":{"rendered":"https:\/\/www.carseatsandparts.com\/?post_type=product&#038;p=12287"},"modified":"2025-03-12T13:15:17","modified_gmt":"2025-03-12T12:15:17","slug":"achterbank-en-deurpanelen-vw-golf-8-gti-clubsport-alcantara-grijs-honingraat-rode-strepen","status":"publish","type":"product","link":"https:\/\/www.carseatsandparts.com\/fr\/product\/achterbank-en-deurpanelen-vw-golf-8-gti-clubsport-alcantara-grijs-honingraat-rode-strepen\/","title":{"rendered":"Si\u00e8ge arri\u00e8re et panneaux de porte VW Golf 8 GTI Clubsport Alcantara Gris Nid d'abeille\/Bandes rouges"},"content":{"rendered":"","protected":false},"excerpt":{"rendered":"Si\u00e8ges arri\u00e8re et panneaux de porte pour la Volkswagen 8 GTI Clubsport, finis dans une combinaison d'Alcantara gris avec un motif en nid d'abeille et une bande rouge. Plug and play \u00e0 installer dans une Golf 8. L'int\u00e9rieur provient d'une voiture de d\u00e9monstration et est comme neuf \u00e0 l'exception de quelques dommages mineurs.","protected":false},"featured_media":12288,"comment_status":"open","ping_status":"closed","template":"","meta":{"_acf_changed":false},"product_brand":[1294],"product_cat":[1291,1355],"product_tag":[982,974,972,975,973],"class_list":{"0":"post-12287","1":"product","2":"type-product","3":"status-publish","4":"has-post-thumbnail","6":"product_brand-volkswagen","7":"product_cat-onderdelen-interieurs","8":"product_cat-volkswagen","9":"product_tag-982","10":"product_tag-golf-8","11":"product_tag-interieur","12":"product_tag-mk8","13":"product_tag-volkswagen","14":"product_shipping_class-auto-interieurs","16":"first","17":"outofstock","18":"taxable","19":"shipping-taxable","20":"purchasable","21":"product-type-simple"},"composite_virtual":false,"composite_layout":"","composite_add_to_cart_form_location":"","composite_editable_in_cart":false,"composite_sold_individually_context":"","composite_shop_price_calc":"","composite_components":[],"composite_scenarios":[],"exclude_global_add_ons":[],"addons":[],"acf":[],"yoast_head":null,"yoast_head_json":null,"_links":{"self":[{"href":"https:\/\/www.carseatsandparts.com\/fr\/wp-json\/wp\/v2\/product\/12287","targetHints":{"allow":["GET"]}}],"collection":[{"href":"https:\/\/www.carseatsandparts.com\/fr\/wp-json\/wp\/v2\/product"}],"about":[{"href":"https:\/\/www.carseatsandparts.com\/fr\/wp-json\/wp\/v2\/types\/product"}],"replies":[{"embeddable":true,"href":"https:\/\/www.carseatsandparts.com\/fr\/wp-json\/wp\/v2\/comments?post=12287"}],"wp:featuredmedia":[{"embeddable":true,"href":"https:\/\/www.carseatsandparts.com\/fr\/wp-json\/wp\/v2\/media\/12288"}],"wp:attachment":[{"href":"https:\/\/www.carseatsandparts.com\/fr\/wp-json\/wp\/v2\/media?parent=12287"}],"wp:term":[{"taxonomy":"product_brand","embeddable":true,"href":"https:\/\/www.carseatsandparts.com\/fr\/wp-json\/wp\/v2\/product_brand?post=12287"},{"taxonomy":"product_cat","embeddable":true,"href":"https:\/\/www.carseatsandparts.com\/fr\/wp-json\/wp\/v2\/product_cat?post=12287"},{"taxonomy":"product_tag","embeddable":true,"href":"https:\/\/www.carseatsandparts.com\/fr\/wp-json\/wp\/v2\/product_tag?post=12287"}],"curies":[{"name":"wp","href":"https:\/\/api.w.org\/{rel}","templated":true}]}}