{"id":12847,"date":"2023-12-09T14:33:34","date_gmt":"2023-12-09T13:33:34","guid":{"rendered":"https:\/\/www.carseatsandparts.com\/?post_type=product&#038;p=12847"},"modified":"2025-09-16T09:50:41","modified_gmt":"2025-09-16T07:50:41","slug":"recaro-universele-in-hoek-verstelbare-glijrails-met-bedieningsbeugel-binnenzijde-360943","status":"publish","type":"product","link":"https:\/\/www.carseatsandparts.com\/fr\/produit\/recaro-universele-in-hoek-verstelbare-glijrails-met-bedieningsbeugel-binnenzijde-360943\/","title":{"rendered":"RECARO Rails coulissants universels \u00e0 angle r\u00e9glable avec support de man\u0153uvre \u00e0 l'int\u00e9rieur 360943"},"content":{"rendered":"","protected":false},"excerpt":{"rendered":"Glissi\u00e8res universelles RECARO, r\u00e9glables en angle, avec \u00e9trier de man\u0153uvre \u00e0 l'int\u00e9rieur. Num\u00e9ro d'article 360943","protected":false},"featured_media":12848,"comment_status":"open","ping_status":"closed","template":"","meta":{"_acf_changed":false},"product_brand":[1284],"product_cat":[120,158,1359],"product_tag":[914,1371,946],"class_list":{"0":"post-12847","1":"product","2":"type-product","3":"status-publish","4":"has-post-thumbnail","6":"product_brand-recaro","7":"product_cat-accessoires-autostoelen","8":"product_cat-consoles","9":"product_cat-recaro","10":"product_tag-914","11":"product_tag-glijrails","12":"product_tag-recaro","13":"product_shipping_class-onderdelen-console","15":"first","16":"instock","17":"taxable","18":"shipping-taxable","19":"purchasable","20":"product-type-simple"},"composite_virtual":false,"composite_layout":"","composite_add_to_cart_form_location":"","composite_editable_in_cart":false,"composite_sold_individually_context":"","composite_shop_price_calc":"","composite_components":[],"composite_scenarios":[],"exclude_global_add_ons":[],"addons":[],"acf":[],"yoast_head":null,"yoast_head_json":null,"_links":{"self":[{"href":"https:\/\/www.carseatsandparts.com\/fr\/wp-json\/wp\/v2\/product\/12847","targetHints":{"allow":["GET"]}}],"collection":[{"href":"https:\/\/www.carseatsandparts.com\/fr\/wp-json\/wp\/v2\/product"}],"about":[{"href":"https:\/\/www.carseatsandparts.com\/fr\/wp-json\/wp\/v2\/types\/product"}],"replies":[{"embeddable":true,"href":"https:\/\/www.carseatsandparts.com\/fr\/wp-json\/wp\/v2\/comments?post=12847"}],"wp:featuredmedia":[{"embeddable":true,"href":"https:\/\/www.carseatsandparts.com\/fr\/wp-json\/wp\/v2\/media\/12848"}],"wp:attachment":[{"href":"https:\/\/www.carseatsandparts.com\/fr\/wp-json\/wp\/v2\/media?parent=12847"}],"wp:term":[{"taxonomy":"product_brand","embeddable":true,"href":"https:\/\/www.carseatsandparts.com\/fr\/wp-json\/wp\/v2\/product_brand?post=12847"},{"taxonomy":"product_cat","embeddable":true,"href":"https:\/\/www.carseatsandparts.com\/fr\/wp-json\/wp\/v2\/product_cat?post=12847"},{"taxonomy":"product_tag","embeddable":true,"href":"https:\/\/www.carseatsandparts.com\/fr\/wp-json\/wp\/v2\/product_tag?post=12847"}],"curies":[{"name":"wp","href":"https:\/\/api.w.org\/{rel}","templated":true}]}}