{"id":13029,"date":"2024-01-04T16:45:35","date_gmt":"2024-01-04T15:45:35","guid":{"rendered":"https:\/\/www.carseatsandparts.com\/?post_type=product&#038;p=13029"},"modified":"2026-04-09T10:10:19","modified_gmt":"2026-04-09T08:10:19","slug":"recaro-elektrische-zeswegverstelling-nieuw","status":"publish","type":"product","link":"https:\/\/www.carseatsandparts.com\/fr\/produit\/recaro-elektrische-zeswegverstelling-nieuw\/","title":{"rendered":"RECARO \u00e9lectrique R\u00e9glage \u00e0 six voies (sans interrupteur)"},"content":{"rendered":"","protected":false},"excerpt":{"rendered":"La base RECARO \u00e0 six voies est une base universelle enti\u00e8rement \u00e9lectrique qui convient au montage d'un si\u00e8ge auto RECARO. Avec ce ch\u00e2ssis, vous pouvez avancer et reculer \u00e9lectriquement et il y a un r\u00e9glage \u00e9lectrique de la hauteur \u00e0 l'avant et \u00e0 l'arri\u00e8re. De cette mani\u00e8re, vous pouvez toujours cr\u00e9er la bonne position d'assise. Num\u00e9ro d'article 7201440\r\n\r\n<strong>N'OUBLIEZ PAS<\/strong> : pour l'instant, il n'y a que les interrupteurs qui ne sont pas fournis !","protected":false},"featured_media":13030,"comment_status":"open","ping_status":"closed","template":"","meta":{"_acf_changed":false},"product_brand":[1284],"product_cat":[1359,158,936],"product_tag":[946,1364],"class_list":{"0":"post-13029","1":"product","2":"type-product","3":"status-publish","4":"has-post-thumbnail","6":"product_brand-recaro","7":"product_cat-recaro","8":"product_cat-consoles","9":"product_cat-diversen-producten","10":"product_tag-recaro","11":"product_tag-zeswegverstelling","12":"product_shipping_class-onderdelen-mobility-zitting","14":"first","15":"instock","16":"taxable","17":"shipping-taxable","18":"purchasable","19":"product-type-simple"},"composite_virtual":false,"composite_layout":"","composite_add_to_cart_form_location":"","composite_editable_in_cart":false,"composite_sold_individually_context":"","composite_shop_price_calc":"","composite_components":[],"composite_scenarios":[],"exclude_global_add_ons":[],"addons":[],"acf":[],"yoast_head":null,"yoast_head_json":null,"_links":{"self":[{"href":"https:\/\/www.carseatsandparts.com\/fr\/wp-json\/wp\/v2\/product\/13029","targetHints":{"allow":["GET"]}}],"collection":[{"href":"https:\/\/www.carseatsandparts.com\/fr\/wp-json\/wp\/v2\/product"}],"about":[{"href":"https:\/\/www.carseatsandparts.com\/fr\/wp-json\/wp\/v2\/types\/product"}],"replies":[{"embeddable":true,"href":"https:\/\/www.carseatsandparts.com\/fr\/wp-json\/wp\/v2\/comments?post=13029"}],"wp:featuredmedia":[{"embeddable":true,"href":"https:\/\/www.carseatsandparts.com\/fr\/wp-json\/wp\/v2\/media\/13030"}],"wp:attachment":[{"href":"https:\/\/www.carseatsandparts.com\/fr\/wp-json\/wp\/v2\/media?parent=13029"}],"wp:term":[{"taxonomy":"product_brand","embeddable":true,"href":"https:\/\/www.carseatsandparts.com\/fr\/wp-json\/wp\/v2\/product_brand?post=13029"},{"taxonomy":"product_cat","embeddable":true,"href":"https:\/\/www.carseatsandparts.com\/fr\/wp-json\/wp\/v2\/product_cat?post=13029"},{"taxonomy":"product_tag","embeddable":true,"href":"https:\/\/www.carseatsandparts.com\/fr\/wp-json\/wp\/v2\/product_tag?post=13029"}],"curies":[{"name":"wp","href":"https:\/\/api.w.org\/{rel}","templated":true}]}}