{"id":13184,"date":"2024-02-21T09:24:43","date_gmt":"2024-02-21T08:24:43","guid":{"rendered":"https:\/\/www.carseatsandparts.com\/?post_type=product&#038;p=13184"},"modified":"2025-05-26T09:28:09","modified_gmt":"2025-05-26T07:28:09","slug":"interieur-audi-e-tron-2020","status":"publish","type":"product","link":"https:\/\/www.carseatsandparts.com\/fr\/product\/interieur-audi-e-tron-2020\/","title":{"rendered":"Int\u00e9rieur 2020 Audi E-Tron"},"content":{"rendered":"","protected":false},"excerpt":{"rendered":"Int\u00e9rieur de l'Audi E-tron 2020 en cuir noir et surpiq\u00fbres noires. L'int\u00e9rieur est pr\u00eat \u00e0 \u00eatre install\u00e9 dans une Audi E-tron. L'int\u00e9rieur provient d'une voiture de d\u00e9monstration et est donc comme neuf \u00e0 l'exception de quelques l\u00e9gers dommages de d\u00e9montage qui peuvent \u00eatre vus dans les photos.\r\n\r\nCaract\u00e9ristiques : r\u00e9glage \u00e9lectrique de la hauteur et de l'inclinaison, soutien lombaire \u00e9lectrique, r\u00e9glage \u00e9lectrique du dossier, glissi\u00e8res \u00e9lectriques et chauffage du si\u00e8ge. Les airbags et les ceintures de s\u00e9curit\u00e9 sont pr\u00e9sents avec cet int\u00e9rieur et toujours en \u00e9tat d'origine, y compris les si\u00e8ges arri\u00e8re. Cet int\u00e9rieur comprend \u00e9galement 4 tapis de sol et une console centrale.\r\n\r\n&nbsp;\r\n\r\n&nbsp;","protected":false},"featured_media":16592,"comment_status":"open","ping_status":"closed","template":"","meta":{"_acf_changed":false},"product_brand":[1456],"product_cat":[1360,115],"product_tag":[1271,1454,1455,972],"class_list":{"0":"post-13184","1":"product","2":"type-product","3":"status-publish","4":"has-post-thumbnail","6":"product_brand-audi","7":"product_cat-audi","8":"product_cat-demo-interieurs","9":"product_tag-1271","10":"product_tag-audi","11":"product_tag-e-tron","12":"product_tag-interieur","13":"product_shipping_class-auto-interieurs","15":"first","16":"outofstock","17":"taxable","18":"shipping-taxable","19":"purchasable","20":"product-type-simple"},"composite_virtual":false,"composite_layout":"","composite_add_to_cart_form_location":"","composite_editable_in_cart":false,"composite_sold_individually_context":"","composite_shop_price_calc":"","composite_components":[],"composite_scenarios":[],"exclude_global_add_ons":[],"addons":[],"acf":[],"yoast_head":null,"yoast_head_json":null,"_links":{"self":[{"href":"https:\/\/www.carseatsandparts.com\/fr\/wp-json\/wp\/v2\/product\/13184","targetHints":{"allow":["GET"]}}],"collection":[{"href":"https:\/\/www.carseatsandparts.com\/fr\/wp-json\/wp\/v2\/product"}],"about":[{"href":"https:\/\/www.carseatsandparts.com\/fr\/wp-json\/wp\/v2\/types\/product"}],"replies":[{"embeddable":true,"href":"https:\/\/www.carseatsandparts.com\/fr\/wp-json\/wp\/v2\/comments?post=13184"}],"wp:featuredmedia":[{"embeddable":true,"href":"https:\/\/www.carseatsandparts.com\/fr\/wp-json\/wp\/v2\/media\/16592"}],"wp:attachment":[{"href":"https:\/\/www.carseatsandparts.com\/fr\/wp-json\/wp\/v2\/media?parent=13184"}],"wp:term":[{"taxonomy":"product_brand","embeddable":true,"href":"https:\/\/www.carseatsandparts.com\/fr\/wp-json\/wp\/v2\/product_brand?post=13184"},{"taxonomy":"product_cat","embeddable":true,"href":"https:\/\/www.carseatsandparts.com\/fr\/wp-json\/wp\/v2\/product_cat?post=13184"},{"taxonomy":"product_tag","embeddable":true,"href":"https:\/\/www.carseatsandparts.com\/fr\/wp-json\/wp\/v2\/product_tag?post=13184"}],"curies":[{"name":"wp","href":"https:\/\/api.w.org\/{rel}","templated":true}]}}