{"id":13302,"date":"2024-02-21T11:29:58","date_gmt":"2024-02-21T10:29:58","guid":{"rendered":"https:\/\/www.carseatsandparts.com\/?post_type=product&#038;p=13302"},"modified":"2024-12-04T11:21:48","modified_gmt":"2024-12-04T10:21:48","slug":"universeel-verhogingsconsole-40mm","status":"publish","type":"product","link":"https:\/\/www.carseatsandparts.com\/fr\/product\/universeel-verhogingsconsole-40mm\/","title":{"rendered":"Console d'\u00e9l\u00e9vation universelle 40mm"},"content":{"rendered":"","protected":false},"excerpt":{"rendered":"Nouvelle console d'appoint de 40 mm, adapt\u00e9e \u00e0 la cr\u00e9ation d'une position assise plus \u00e9lev\u00e9e dans la voiture pour le si\u00e8ge auto.","protected":false},"featured_media":13303,"comment_status":"open","ping_status":"closed","template":"","meta":{"_acf_changed":false},"product_brand":[1284,1406],"product_cat":[120],"product_tag":[946,1298],"class_list":{"0":"post-13302","1":"product","2":"type-product","3":"status-publish","4":"has-post-thumbnail","6":"product_brand-recaro","7":"product_brand-universeel","8":"product_cat-accessoires-autostoelen","9":"product_tag-recaro","10":"product_tag-verhogingsconsole","11":"product_shipping_class-onderdelen-klein-pakket","13":"first","14":"instock","15":"taxable","16":"shipping-taxable","17":"purchasable","18":"product-type-simple"},"composite_virtual":false,"composite_layout":"","composite_add_to_cart_form_location":"","composite_editable_in_cart":false,"composite_sold_individually_context":"","composite_shop_price_calc":"","composite_components":[],"composite_scenarios":[],"exclude_global_add_ons":[],"addons":[],"acf":[],"yoast_head":null,"yoast_head_json":null,"_links":{"self":[{"href":"https:\/\/www.carseatsandparts.com\/fr\/wp-json\/wp\/v2\/product\/13302","targetHints":{"allow":["GET"]}}],"collection":[{"href":"https:\/\/www.carseatsandparts.com\/fr\/wp-json\/wp\/v2\/product"}],"about":[{"href":"https:\/\/www.carseatsandparts.com\/fr\/wp-json\/wp\/v2\/types\/product"}],"replies":[{"embeddable":true,"href":"https:\/\/www.carseatsandparts.com\/fr\/wp-json\/wp\/v2\/comments?post=13302"}],"wp:featuredmedia":[{"embeddable":true,"href":"https:\/\/www.carseatsandparts.com\/fr\/wp-json\/wp\/v2\/media\/13303"}],"wp:attachment":[{"href":"https:\/\/www.carseatsandparts.com\/fr\/wp-json\/wp\/v2\/media?parent=13302"}],"wp:term":[{"taxonomy":"product_brand","embeddable":true,"href":"https:\/\/www.carseatsandparts.com\/fr\/wp-json\/wp\/v2\/product_brand?post=13302"},{"taxonomy":"product_cat","embeddable":true,"href":"https:\/\/www.carseatsandparts.com\/fr\/wp-json\/wp\/v2\/product_cat?post=13302"},{"taxonomy":"product_tag","embeddable":true,"href":"https:\/\/www.carseatsandparts.com\/fr\/wp-json\/wp\/v2\/product_tag?post=13302"}],"curies":[{"name":"wp","href":"https:\/\/api.w.org\/{rel}","templated":true}]}}