{"id":13311,"date":"2024-02-21T11:45:31","date_gmt":"2024-02-21T10:45:31","guid":{"rendered":"https:\/\/www.carseatsandparts.com\/?post_type=product&#038;p=13311"},"modified":"2024-12-04T11:21:48","modified_gmt":"2024-12-04T10:21:48","slug":"gordelpunt-links","status":"publish","type":"product","link":"https:\/\/www.carseatsandparts.com\/fr\/product\/gordelpunt-links\/","title":{"rendered":"Point de ceinture gauche"},"content":{"rendered":"","protected":false},"excerpt":{"rendered":"Embout de ceinture pour attacher la ceinture de s\u00e9curit\u00e9 gauche au si\u00e8ge-auto RECARO. Num\u00e9ro d'article : 19029","protected":false},"featured_media":13312,"comment_status":"open","ping_status":"closed","template":"","meta":{"_acf_changed":false},"product_brand":[1406],"product_cat":[120],"product_tag":[1448,1447,946],"class_list":{"0":"post-13311","1":"product","2":"type-product","3":"status-publish","4":"has-post-thumbnail","6":"product_brand-universeel","7":"product_cat-accessoires-autostoelen","8":"product_tag-1448","9":"product_tag-gordelpunt","10":"product_tag-recaro","11":"product_shipping_class-onderdelen-klein-pakket","13":"first","14":"instock","15":"taxable","16":"shipping-taxable","17":"purchasable","18":"product-type-simple"},"composite_virtual":false,"composite_layout":"","composite_add_to_cart_form_location":"","composite_editable_in_cart":false,"composite_sold_individually_context":"","composite_shop_price_calc":"","composite_components":[],"composite_scenarios":[],"exclude_global_add_ons":[],"addons":[],"acf":[],"yoast_head":null,"yoast_head_json":null,"_links":{"self":[{"href":"https:\/\/www.carseatsandparts.com\/fr\/wp-json\/wp\/v2\/product\/13311","targetHints":{"allow":["GET"]}}],"collection":[{"href":"https:\/\/www.carseatsandparts.com\/fr\/wp-json\/wp\/v2\/product"}],"about":[{"href":"https:\/\/www.carseatsandparts.com\/fr\/wp-json\/wp\/v2\/types\/product"}],"replies":[{"embeddable":true,"href":"https:\/\/www.carseatsandparts.com\/fr\/wp-json\/wp\/v2\/comments?post=13311"}],"wp:featuredmedia":[{"embeddable":true,"href":"https:\/\/www.carseatsandparts.com\/fr\/wp-json\/wp\/v2\/media\/13312"}],"wp:attachment":[{"href":"https:\/\/www.carseatsandparts.com\/fr\/wp-json\/wp\/v2\/media?parent=13311"}],"wp:term":[{"taxonomy":"product_brand","embeddable":true,"href":"https:\/\/www.carseatsandparts.com\/fr\/wp-json\/wp\/v2\/product_brand?post=13311"},{"taxonomy":"product_cat","embeddable":true,"href":"https:\/\/www.carseatsandparts.com\/fr\/wp-json\/wp\/v2\/product_cat?post=13311"},{"taxonomy":"product_tag","embeddable":true,"href":"https:\/\/www.carseatsandparts.com\/fr\/wp-json\/wp\/v2\/product_tag?post=13311"}],"curies":[{"name":"wp","href":"https:\/\/api.w.org\/{rel}","templated":true}]}}