{"id":13320,"date":"2024-02-21T16:11:24","date_gmt":"2024-02-21T15:11:24","guid":{"rendered":"https:\/\/www.carseatsandparts.com\/?post_type=product&#038;p=13320"},"modified":"2025-01-24T12:23:15","modified_gmt":"2025-01-24T11:23:15","slug":"interieur-vw-golf-7-r-leder-carbon-zwart","status":"publish","type":"product","link":"https:\/\/www.carseatsandparts.com\/fr\/product\/interieur-vw-golf-7-r-leder-carbon-zwart\/","title":{"rendered":"Int\u00e9rieur VW Golf 7 R Cuir\/Noir de carbone"},"content":{"rendered":"","protected":false},"excerpt":{"rendered":"Int\u00e9rieur Volkswagen Golf 7 R en cuir noir et carbone. Plug and play \u00e0 installer dans une Golf 7. L'int\u00e9rieur provient d'une voiture de d\u00e9monstration et est donc comme neuf \u00e0 l'exception de quelques l\u00e9gers dommages li\u00e9s \u00e0 l'utilisation et au d\u00e9montage qui peuvent \u00eatre vus sur les photos.\r\n\r\nCaract\u00e9ristiques du si\u00e8ge conducteur : r\u00e9glage \u00e9lectrique de la hauteur et de l'inclinaison, soutien lombaire manuel, r\u00e9glage \u00e9lectrique du dossier, glissi\u00e8res \u00e9lectriques et chauffage du si\u00e8ge. Les r\u00e9glages du si\u00e8ge passager sont manuels. Les airbags et les ceintures de s\u00e9curit\u00e9 sont pr\u00e9sents avec cet int\u00e9rieur et toujours en \u00e9tat d'origine.","protected":false},"featured_media":13321,"comment_status":"open","ping_status":"closed","template":"","meta":{"_acf_changed":false},"product_brand":[1294],"product_cat":[115,1355],"product_tag":[2322,976,972,977,973],"class_list":{"0":"post-13320","1":"product","2":"type-product","3":"status-publish","4":"has-post-thumbnail","6":"product_brand-volkswagen","7":"product_cat-demo-interieurs","8":"product_cat-volkswagen","9":"product_tag-2322","10":"product_tag-golf-7","11":"product_tag-interieur","12":"product_tag-mk7","13":"product_tag-volkswagen","14":"product_shipping_class-auto-interieurs","16":"first","17":"outofstock","18":"taxable","19":"shipping-taxable","20":"purchasable","21":"product-type-simple"},"composite_virtual":false,"composite_layout":"","composite_add_to_cart_form_location":"","composite_editable_in_cart":false,"composite_sold_individually_context":"","composite_shop_price_calc":"","composite_components":[],"composite_scenarios":[],"exclude_global_add_ons":[],"addons":[],"acf":[],"yoast_head":null,"yoast_head_json":null,"_links":{"self":[{"href":"https:\/\/www.carseatsandparts.com\/fr\/wp-json\/wp\/v2\/product\/13320","targetHints":{"allow":["GET"]}}],"collection":[{"href":"https:\/\/www.carseatsandparts.com\/fr\/wp-json\/wp\/v2\/product"}],"about":[{"href":"https:\/\/www.carseatsandparts.com\/fr\/wp-json\/wp\/v2\/types\/product"}],"replies":[{"embeddable":true,"href":"https:\/\/www.carseatsandparts.com\/fr\/wp-json\/wp\/v2\/comments?post=13320"}],"wp:featuredmedia":[{"embeddable":true,"href":"https:\/\/www.carseatsandparts.com\/fr\/wp-json\/wp\/v2\/media\/13321"}],"wp:attachment":[{"href":"https:\/\/www.carseatsandparts.com\/fr\/wp-json\/wp\/v2\/media?parent=13320"}],"wp:term":[{"taxonomy":"product_brand","embeddable":true,"href":"https:\/\/www.carseatsandparts.com\/fr\/wp-json\/wp\/v2\/product_brand?post=13320"},{"taxonomy":"product_cat","embeddable":true,"href":"https:\/\/www.carseatsandparts.com\/fr\/wp-json\/wp\/v2\/product_cat?post=13320"},{"taxonomy":"product_tag","embeddable":true,"href":"https:\/\/www.carseatsandparts.com\/fr\/wp-json\/wp\/v2\/product_tag?post=13320"}],"curies":[{"name":"wp","href":"https:\/\/api.w.org\/{rel}","templated":true}]}}