{"id":13495,"date":"2024-02-23T15:57:20","date_gmt":"2024-02-23T14:57:20","guid":{"rendered":"https:\/\/www.carseatsandparts.com\/?post_type=product&#038;p=13495"},"modified":"2026-04-17T15:54:58","modified_gmt":"2026-04-17T13:54:58","slug":"interieur-vw-polo-6-r-aw-stof-alcantara-zwart-grijs","status":"publish","type":"product","link":"https:\/\/www.carseatsandparts.com\/fr\/product\/interieur-vw-polo-6-r-aw-stof-alcantara-zwart-grijs\/","title":{"rendered":"Int\u00e9rieur VW Polo 6 R (AW) Tissu\/Alcantara Noir\/Gris"},"content":{"rendered":"","protected":false},"excerpt":{"rendered":"Int\u00e9rieur Volkswagen Polo 6R (AW) en tissu noir et Alcantara gris avec surpiq\u00fbres grises et logo R. Installation plug and play dans une Polo 6. L'int\u00e9rieur provient d'une voiture de d\u00e9monstration et est donc comme neuf \u00e0 l'exception de quelques l\u00e9gers dommages li\u00e9s \u00e0 l'utilisation et au d\u00e9montage qui peuvent \u00eatre vus sur les photos.\r\n\r\nCaract\u00e9ristiques : r\u00e9glage manuel de la hauteur et de l'angle, soutien lombaire manuel et r\u00e9glage manuel du dossier. Les airbags et les ceintures de s\u00e9curit\u00e9 sont pr\u00e9sents avec cet int\u00e9rieur et sont encore en \u00e9tat d'origine.\r\n\r\nVeuillez noter que le panneau de porte arri\u00e8re droit et le point de fixation de la ceinture de s\u00e9curit\u00e9 arri\u00e8re sont manquants.","protected":false},"featured_media":17386,"comment_status":"open","ping_status":"closed","template":"","meta":{"_acf_changed":false},"product_brand":[1294],"product_cat":[115,1355],"product_tag":[2321,972,990,989,973],"class_list":{"0":"post-13495","1":"product","2":"type-product","3":"status-publish","4":"has-post-thumbnail","6":"product_brand-volkswagen","7":"product_cat-demo-interieurs","8":"product_cat-volkswagen","9":"product_tag-2321","10":"product_tag-interieur","11":"product_tag-mk6","12":"product_tag-polo-6","13":"product_tag-volkswagen","14":"product_shipping_class-auto-interieurs","16":"first","17":"outofstock","18":"taxable","19":"shipping-taxable","20":"purchasable","21":"product-type-simple"},"composite_virtual":false,"composite_layout":"","composite_add_to_cart_form_location":"","composite_editable_in_cart":false,"composite_sold_individually_context":"","composite_shop_price_calc":"","composite_components":[],"composite_scenarios":[],"exclude_global_add_ons":[],"addons":[],"acf":[],"yoast_head":null,"yoast_head_json":null,"_links":{"self":[{"href":"https:\/\/www.carseatsandparts.com\/fr\/wp-json\/wp\/v2\/product\/13495","targetHints":{"allow":["GET"]}}],"collection":[{"href":"https:\/\/www.carseatsandparts.com\/fr\/wp-json\/wp\/v2\/product"}],"about":[{"href":"https:\/\/www.carseatsandparts.com\/fr\/wp-json\/wp\/v2\/types\/product"}],"replies":[{"embeddable":true,"href":"https:\/\/www.carseatsandparts.com\/fr\/wp-json\/wp\/v2\/comments?post=13495"}],"wp:featuredmedia":[{"embeddable":true,"href":"https:\/\/www.carseatsandparts.com\/fr\/wp-json\/wp\/v2\/media\/17386"}],"wp:attachment":[{"href":"https:\/\/www.carseatsandparts.com\/fr\/wp-json\/wp\/v2\/media?parent=13495"}],"wp:term":[{"taxonomy":"product_brand","embeddable":true,"href":"https:\/\/www.carseatsandparts.com\/fr\/wp-json\/wp\/v2\/product_brand?post=13495"},{"taxonomy":"product_cat","embeddable":true,"href":"https:\/\/www.carseatsandparts.com\/fr\/wp-json\/wp\/v2\/product_cat?post=13495"},{"taxonomy":"product_tag","embeddable":true,"href":"https:\/\/www.carseatsandparts.com\/fr\/wp-json\/wp\/v2\/product_tag?post=13495"}],"curies":[{"name":"wp","href":"https:\/\/api.w.org\/{rel}","templated":true}]}}