{"id":13677,"date":"2024-03-19T12:14:42","date_gmt":"2024-03-19T11:14:42","guid":{"rendered":"https:\/\/www.carseatsandparts.com\/?post_type=product&#038;p=13677"},"modified":"2025-05-13T11:18:15","modified_gmt":"2025-05-13T09:18:15","slug":"stof-staal","status":"publish","type":"product","link":"https:\/\/www.carseatsandparts.com\/fr\/product\/stof-staal\/","title":{"rendered":"\u00c9chantillon de rev\u00eatement"},"content":{"rendered":"<p>Demandez alors un \u00e9chantillon de la couverture.<\/p>\n<p>Dans le commentaire du panier d'achat, veuillez indiquer le num\u00e9ro d'article, la description ou le lien du rev\u00eatement souhait\u00e9.<\/p>","protected":false},"excerpt":{"rendered":"Demandez alors un \u00e9chantillon de la couverture.\r\n\r\nVeuillez indiquer le num\u00e9ro d'article, la description ou le lien du rev\u00eatement souhait\u00e9 dans le commentaire du panier.","protected":false},"featured_media":13680,"comment_status":"closed","ping_status":"closed","template":"","meta":{"_acf_changed":false},"product_brand":[],"product_cat":[181,225],"product_tag":[],"class_list":{"0":"post-13677","1":"product","2":"type-product","3":"status-publish","4":"has-post-thumbnail","6":"product_cat-autobekleding","7":"product_cat-per-strekkende-meter","8":"product_shipping_class-onderdelen-buspakje","10":"first","11":"instock","12":"featured","13":"taxable","14":"shipping-taxable","15":"purchasable","16":"product-type-simple"},"composite_virtual":false,"composite_layout":"","composite_add_to_cart_form_location":"","composite_editable_in_cart":false,"composite_sold_individually_context":"","composite_shop_price_calc":"","composite_components":[],"composite_scenarios":[],"exclude_global_add_ons":[],"addons":[],"acf":[],"yoast_head":null,"yoast_head_json":null,"_links":{"self":[{"href":"https:\/\/www.carseatsandparts.com\/fr\/wp-json\/wp\/v2\/product\/13677","targetHints":{"allow":["GET"]}}],"collection":[{"href":"https:\/\/www.carseatsandparts.com\/fr\/wp-json\/wp\/v2\/product"}],"about":[{"href":"https:\/\/www.carseatsandparts.com\/fr\/wp-json\/wp\/v2\/types\/product"}],"replies":[{"embeddable":true,"href":"https:\/\/www.carseatsandparts.com\/fr\/wp-json\/wp\/v2\/comments?post=13677"}],"wp:featuredmedia":[{"embeddable":true,"href":"https:\/\/www.carseatsandparts.com\/fr\/wp-json\/wp\/v2\/media\/13680"}],"wp:attachment":[{"href":"https:\/\/www.carseatsandparts.com\/fr\/wp-json\/wp\/v2\/media?parent=13677"}],"wp:term":[{"taxonomy":"product_brand","embeddable":true,"href":"https:\/\/www.carseatsandparts.com\/fr\/wp-json\/wp\/v2\/product_brand?post=13677"},{"taxonomy":"product_cat","embeddable":true,"href":"https:\/\/www.carseatsandparts.com\/fr\/wp-json\/wp\/v2\/product_cat?post=13677"},{"taxonomy":"product_tag","embeddable":true,"href":"https:\/\/www.carseatsandparts.com\/fr\/wp-json\/wp\/v2\/product_tag?post=13677"}],"curies":[{"name":"wp","href":"https:\/\/api.w.org\/{rel}","templated":true}]}}