{"id":13817,"date":"2024-04-05T09:23:08","date_gmt":"2024-04-05T07:23:08","guid":{"rendered":"https:\/\/www.carseatsandparts.com\/?post_type=product&#038;p=13817"},"modified":"2026-03-03T21:07:47","modified_gmt":"2026-03-03T20:07:47","slug":"recaro-flexibele-adapter-pro-racer-spa-spg-xl-7206293","status":"publish","type":"product","link":"https:\/\/www.carseatsandparts.com\/fr\/produit\/recaro-flexibele-adapter-pro-racer-spa-spg-xl-7206293\/","title":{"rendered":"RECARO Adaptateur flexible Pro Racer SPA\/SPG XL 7206293"},"content":{"rendered":"","protected":false},"excerpt":{"rendered":"Adaptateur flexible RECARO pour les mod\u00e8les RECARO Pro Racer SPA XL et Pro Racer SPG XL. Les glissi\u00e8res manuelles int\u00e9gr\u00e9es, approuv\u00e9es par la FIA, rendent cet adaptateur particuli\u00e8rement adapt\u00e9 \u00e0 l'utilisation de plusieurs pilotes. Num\u00e9ro d'article : 7221002","protected":false},"featured_media":13880,"comment_status":"open","ping_status":"closed","template":"","meta":{"_acf_changed":false},"product_brand":[1284],"product_cat":[1359,120],"product_tag":[1493,1424,1422,1426,946],"class_list":{"0":"post-13817","1":"product","2":"type-product","3":"status-publish","4":"has-post-thumbnail","6":"product_brand-recaro","7":"product_cat-recaro","8":"product_cat-accessoires-autostoelen","9":"product_tag-1493","10":"product_tag-adapter","11":"product_tag-pro-racer-spa-xl","12":"product_tag-pro-racer-spg-xl","13":"product_tag-recaro","14":"product_shipping_class-onderdelen-mobility-zitting","16":"first","17":"instock","18":"taxable","19":"shipping-taxable","20":"purchasable","21":"product-type-simple"},"composite_virtual":false,"composite_layout":"","composite_add_to_cart_form_location":"","composite_editable_in_cart":false,"composite_sold_individually_context":"","composite_shop_price_calc":"","composite_components":[],"composite_scenarios":[],"exclude_global_add_ons":[],"addons":[],"acf":[],"yoast_head":null,"yoast_head_json":null,"_links":{"self":[{"href":"https:\/\/www.carseatsandparts.com\/fr\/wp-json\/wp\/v2\/product\/13817","targetHints":{"allow":["GET"]}}],"collection":[{"href":"https:\/\/www.carseatsandparts.com\/fr\/wp-json\/wp\/v2\/product"}],"about":[{"href":"https:\/\/www.carseatsandparts.com\/fr\/wp-json\/wp\/v2\/types\/product"}],"replies":[{"embeddable":true,"href":"https:\/\/www.carseatsandparts.com\/fr\/wp-json\/wp\/v2\/comments?post=13817"}],"wp:featuredmedia":[{"embeddable":true,"href":"https:\/\/www.carseatsandparts.com\/fr\/wp-json\/wp\/v2\/media\/13880"}],"wp:attachment":[{"href":"https:\/\/www.carseatsandparts.com\/fr\/wp-json\/wp\/v2\/media?parent=13817"}],"wp:term":[{"taxonomy":"product_brand","embeddable":true,"href":"https:\/\/www.carseatsandparts.com\/fr\/wp-json\/wp\/v2\/product_brand?post=13817"},{"taxonomy":"product_cat","embeddable":true,"href":"https:\/\/www.carseatsandparts.com\/fr\/wp-json\/wp\/v2\/product_cat?post=13817"},{"taxonomy":"product_tag","embeddable":true,"href":"https:\/\/www.carseatsandparts.com\/fr\/wp-json\/wp\/v2\/product_tag?post=13817"}],"curies":[{"name":"wp","href":"https:\/\/api.w.org\/{rel}","templated":true}]}}