{"id":14360,"date":"2024-06-18T09:35:26","date_gmt":"2024-06-18T07:35:26","guid":{"rendered":"https:\/\/www.carseatsandparts.com\/?post_type=product&#038;p=14360"},"modified":"2025-03-17T09:36:03","modified_gmt":"2025-03-17T08:36:03","slug":"schuimdeel-daf-zitting-oud","status":"publish","type":"product","link":"https:\/\/www.carseatsandparts.com\/fr\/produit\/schuimdeel-daf-zitting-oud\/","title":{"rendered":"Pi\u00e8ce en mousse DAF Seat Old"},"content":{"rendered":"","protected":false},"excerpt":{"rendered":"<strong data-start=\"46\" data-end=\"99\">Partie en mousse du si\u00e8ge DAF ancien (si\u00e8ge court 9,5 cm)<\/strong>\r\n\r\n<strong data-start=\"103\" data-end=\"147\">Un soutien optimal pour votre si\u00e8ge DAF<\/strong>\r\n\r\nLe si\u00e8ge de votre DAF est us\u00e9 ou n'offre plus le confort auquel vous \u00eates habitu\u00e9 ? Cette pi\u00e8ce en mousse de haute qualit\u00e9 redonnera \u00e0 votre si\u00e8ge la sensation d'\u00eatre neuf. Elle est id\u00e9ale pour lui redonner sa forme et son soutien d'origine afin que vous puissiez \u00e0 nouveau conduire confortablement.","protected":false},"featured_media":14361,"comment_status":"open","ping_status":"closed","template":"","meta":{"_acf_changed":false},"product_brand":[],"product_cat":[177],"product_tag":[1781],"class_list":{"0":"post-14360","1":"product","2":"type-product","3":"status-publish","4":"has-post-thumbnail","6":"product_cat-zitting","7":"product_tag-bestell-nr-1","8":"product_shipping_class-onderdelen-console","10":"first","11":"instock","12":"taxable","13":"shipping-taxable","14":"purchasable","15":"product-type-simple"},"composite_virtual":false,"composite_layout":"","composite_add_to_cart_form_location":"","composite_editable_in_cart":false,"composite_sold_individually_context":"","composite_shop_price_calc":"","composite_components":[],"composite_scenarios":[],"exclude_global_add_ons":[],"addons":[],"acf":[],"yoast_head":null,"yoast_head_json":null,"_links":{"self":[{"href":"https:\/\/www.carseatsandparts.com\/fr\/wp-json\/wp\/v2\/product\/14360","targetHints":{"allow":["GET"]}}],"collection":[{"href":"https:\/\/www.carseatsandparts.com\/fr\/wp-json\/wp\/v2\/product"}],"about":[{"href":"https:\/\/www.carseatsandparts.com\/fr\/wp-json\/wp\/v2\/types\/product"}],"replies":[{"embeddable":true,"href":"https:\/\/www.carseatsandparts.com\/fr\/wp-json\/wp\/v2\/comments?post=14360"}],"wp:featuredmedia":[{"embeddable":true,"href":"https:\/\/www.carseatsandparts.com\/fr\/wp-json\/wp\/v2\/media\/14361"}],"wp:attachment":[{"href":"https:\/\/www.carseatsandparts.com\/fr\/wp-json\/wp\/v2\/media?parent=14360"}],"wp:term":[{"taxonomy":"product_brand","embeddable":true,"href":"https:\/\/www.carseatsandparts.com\/fr\/wp-json\/wp\/v2\/product_brand?post=14360"},{"taxonomy":"product_cat","embeddable":true,"href":"https:\/\/www.carseatsandparts.com\/fr\/wp-json\/wp\/v2\/product_cat?post=14360"},{"taxonomy":"product_tag","embeddable":true,"href":"https:\/\/www.carseatsandparts.com\/fr\/wp-json\/wp\/v2\/product_tag?post=14360"}],"curies":[{"name":"wp","href":"https:\/\/api.w.org\/{rel}","templated":true}]}}