{"id":14362,"date":"2024-06-18T09:55:58","date_gmt":"2024-06-18T07:55:58","guid":{"rendered":"https:\/\/www.carseatsandparts.com\/?post_type=product&#038;p=14362"},"modified":"2025-03-17T09:35:04","modified_gmt":"2025-03-17T08:35:04","slug":"schuimdeel-daf-zitting-nieuw","status":"publish","type":"product","link":"https:\/\/www.carseatsandparts.com\/fr\/produit\/schuimdeel-daf-zitting-nieuw\/","title":{"rendered":"Pi\u00e8ce en mousse Si\u00e8ge DAF Nouveau"},"content":{"rendered":"","protected":false},"excerpt":{"rendered":"<strong data-start=\"61\" data-end=\"117\">Mousse de si\u00e8ge DAF neuve (Si\u00e8ge long 12,5 cm)<\/strong>\r\n\r\n<strong data-start=\"121\" data-end=\"161\">Retrouvez le confort de votre si\u00e8ge DAF<\/strong>\r\n\r\nVotre si\u00e8ge auto a perdu sa forme et son soutien d'origine ? Cette pi\u00e8ce en mousse offre une solution durable et confortable. Sp\u00e9cialement con\u00e7ue pour les si\u00e8ges DAF avec une assise plus longue, elle garantit un ajustement optimal et une meilleure exp\u00e9rience de conduite.","protected":false},"featured_media":14363,"comment_status":"open","ping_status":"closed","template":"","meta":{"_acf_changed":false},"product_brand":[],"product_cat":[177],"product_tag":[1783],"class_list":{"0":"post-14362","1":"product","2":"type-product","3":"status-publish","4":"has-post-thumbnail","6":"product_cat-zitting","7":"product_tag-bestell-nr-02","8":"product_shipping_class-onderdelen-console","10":"first","11":"instock","12":"taxable","13":"shipping-taxable","14":"purchasable","15":"product-type-simple"},"composite_virtual":false,"composite_layout":"","composite_add_to_cart_form_location":"","composite_editable_in_cart":false,"composite_sold_individually_context":"","composite_shop_price_calc":"","composite_components":[],"composite_scenarios":[],"exclude_global_add_ons":[],"addons":[],"acf":[],"yoast_head":null,"yoast_head_json":null,"_links":{"self":[{"href":"https:\/\/www.carseatsandparts.com\/fr\/wp-json\/wp\/v2\/product\/14362","targetHints":{"allow":["GET"]}}],"collection":[{"href":"https:\/\/www.carseatsandparts.com\/fr\/wp-json\/wp\/v2\/product"}],"about":[{"href":"https:\/\/www.carseatsandparts.com\/fr\/wp-json\/wp\/v2\/types\/product"}],"replies":[{"embeddable":true,"href":"https:\/\/www.carseatsandparts.com\/fr\/wp-json\/wp\/v2\/comments?post=14362"}],"wp:featuredmedia":[{"embeddable":true,"href":"https:\/\/www.carseatsandparts.com\/fr\/wp-json\/wp\/v2\/media\/14363"}],"wp:attachment":[{"href":"https:\/\/www.carseatsandparts.com\/fr\/wp-json\/wp\/v2\/media?parent=14362"}],"wp:term":[{"taxonomy":"product_brand","embeddable":true,"href":"https:\/\/www.carseatsandparts.com\/fr\/wp-json\/wp\/v2\/product_brand?post=14362"},{"taxonomy":"product_cat","embeddable":true,"href":"https:\/\/www.carseatsandparts.com\/fr\/wp-json\/wp\/v2\/product_cat?post=14362"},{"taxonomy":"product_tag","embeddable":true,"href":"https:\/\/www.carseatsandparts.com\/fr\/wp-json\/wp\/v2\/product_tag?post=14362"}],"curies":[{"name":"wp","href":"https:\/\/api.w.org\/{rel}","templated":true}]}}