{"id":14366,"date":"2024-06-18T10:18:00","date_gmt":"2024-06-18T08:18:00","guid":{"rendered":"https:\/\/www.carseatsandparts.com\/?post_type=product&#038;p=14366"},"modified":"2026-05-06T14:18:53","modified_gmt":"2026-05-06T12:18:53","slug":"ford-transit-zitting-oud-bouwjaar-1986-2000","status":"publish","type":"product","link":"https:\/\/www.carseatsandparts.com\/fr\/product\/ford-transit-zitting-oud-bouwjaar-1986-2000\/","title":{"rendered":"Ford Transit Seat Old Build. 1984 - 2000"},"content":{"rendered":"","protected":false},"excerpt":{"rendered":"<strong data-start=\"60\" data-end=\"127\">Schuimdeel voor Ford Transit Zitting Oud (Bouwjaar 1984 &#8211; 2000)<\/strong>\r\n\r\n<strong data-start=\"131\" data-end=\"177\">R\u00e9tablissez le confort d'assise de votre Ford Transit<\/strong>\r\n\r\nLe si\u00e8ge de votre Ford Transit est us\u00e9 ou n'offre plus le bon soutien ? Con\u00e7ue sp\u00e9cifiquement pour les mod\u00e8les 1986-2000, cette pi\u00e8ce en mousse de haute qualit\u00e9 permet de redonner \u00e0 votre si\u00e8ge son \u00e9tat d'origine. Id\u00e9al pour une exp\u00e9rience de conduite confortable et ergonomique.","protected":false},"featured_media":14367,"comment_status":"open","ping_status":"closed","template":"","meta":{"_acf_changed":false},"product_brand":[],"product_cat":[2820,2841,177],"product_tag":[1789],"class_list":{"0":"post-14366","1":"product","2":"type-product","3":"status-publish","4":"has-post-thumbnail","6":"product_cat-bedrijfswagens","7":"product_cat-schuimdelen-voor-bedrijfswagens","8":"product_cat-zitting","9":"product_tag-bestell-nr-04","10":"product_shipping_class-onderdelen-console","12":"first","13":"instock","14":"taxable","15":"shipping-taxable","16":"purchasable","17":"product-type-simple"},"composite_virtual":false,"composite_layout":"","composite_add_to_cart_form_location":"","composite_editable_in_cart":false,"composite_sold_individually_context":"","composite_shop_price_calc":"","composite_components":[],"composite_scenarios":[],"exclude_global_add_ons":[],"addons":[],"acf":[],"yoast_head":null,"yoast_head_json":null,"_links":{"self":[{"href":"https:\/\/www.carseatsandparts.com\/fr\/wp-json\/wp\/v2\/product\/14366","targetHints":{"allow":["GET"]}}],"collection":[{"href":"https:\/\/www.carseatsandparts.com\/fr\/wp-json\/wp\/v2\/product"}],"about":[{"href":"https:\/\/www.carseatsandparts.com\/fr\/wp-json\/wp\/v2\/types\/product"}],"replies":[{"embeddable":true,"href":"https:\/\/www.carseatsandparts.com\/fr\/wp-json\/wp\/v2\/comments?post=14366"}],"wp:featuredmedia":[{"embeddable":true,"href":"https:\/\/www.carseatsandparts.com\/fr\/wp-json\/wp\/v2\/media\/14367"}],"wp:attachment":[{"href":"https:\/\/www.carseatsandparts.com\/fr\/wp-json\/wp\/v2\/media?parent=14366"}],"wp:term":[{"taxonomy":"product_brand","embeddable":true,"href":"https:\/\/www.carseatsandparts.com\/fr\/wp-json\/wp\/v2\/product_brand?post=14366"},{"taxonomy":"product_cat","embeddable":true,"href":"https:\/\/www.carseatsandparts.com\/fr\/wp-json\/wp\/v2\/product_cat?post=14366"},{"taxonomy":"product_tag","embeddable":true,"href":"https:\/\/www.carseatsandparts.com\/fr\/wp-json\/wp\/v2\/product_tag?post=14366"}],"curies":[{"name":"wp","href":"https:\/\/api.w.org\/{rel}","templated":true}]}}