{"id":14371,"date":"2024-06-18T10:35:35","date_gmt":"2024-06-18T08:35:35","guid":{"rendered":"https:\/\/www.carseatsandparts.com\/?post_type=product&#038;p=14371"},"modified":"2025-07-23T12:12:27","modified_gmt":"2025-07-23T10:12:27","slug":"sprinter-enkele-zitting","status":"publish","type":"product","link":"https:\/\/www.carseatsandparts.com\/fr\/product\/sprinter-enkele-zitting\/","title":{"rendered":"Mercedes Sprinter monoplace"},"content":{"rendered":"","protected":false},"excerpt":{"rendered":"<strong data-start=\"61\" data-end=\"138\">Pi\u00e8ce en mousse Mercedes Sprinter - Convient pour un si\u00e8ge simple sans coque<\/strong>\r\n\r\n<strong data-start=\"142\" data-end=\"193\">R\u00e9tablissez le confort d'assise de votre Mercedes Sprinter<\/strong>\r\n\r\nLe si\u00e8ge de votre Mercedes Sprinter est us\u00e9 ou n'offre plus le bon soutien ? Cette pi\u00e8ce en mousse de remplacement est sp\u00e9cialement con\u00e7ue pour les si\u00e8ges \u00e0 simple coque et r\u00e9tablira le confort et le soutien de votre si\u00e8ge. Un moyen simple et efficace de retrouver le confort d'origine du si\u00e8ge.","protected":false},"featured_media":14372,"comment_status":"open","ping_status":"closed","template":"","meta":{"_acf_changed":false},"product_brand":[],"product_cat":[2820,2841,177],"product_tag":[1794],"class_list":{"0":"post-14371","1":"product","2":"type-product","3":"status-publish","4":"has-post-thumbnail","6":"product_cat-bedrijfswagens","7":"product_cat-schuimdelen-voor-bedrijfswagens","8":"product_cat-zitting","9":"product_tag-bestell-nr-06","10":"product_shipping_class-onderdelen-console","12":"first","13":"instock","14":"taxable","15":"shipping-taxable","16":"purchasable","17":"product-type-simple"},"composite_virtual":false,"composite_layout":"","composite_add_to_cart_form_location":"","composite_editable_in_cart":false,"composite_sold_individually_context":"","composite_shop_price_calc":"","composite_components":[],"composite_scenarios":[],"exclude_global_add_ons":[],"addons":[],"acf":[],"yoast_head":null,"yoast_head_json":null,"_links":{"self":[{"href":"https:\/\/www.carseatsandparts.com\/fr\/wp-json\/wp\/v2\/product\/14371","targetHints":{"allow":["GET"]}}],"collection":[{"href":"https:\/\/www.carseatsandparts.com\/fr\/wp-json\/wp\/v2\/product"}],"about":[{"href":"https:\/\/www.carseatsandparts.com\/fr\/wp-json\/wp\/v2\/types\/product"}],"replies":[{"embeddable":true,"href":"https:\/\/www.carseatsandparts.com\/fr\/wp-json\/wp\/v2\/comments?post=14371"}],"wp:featuredmedia":[{"embeddable":true,"href":"https:\/\/www.carseatsandparts.com\/fr\/wp-json\/wp\/v2\/media\/14372"}],"wp:attachment":[{"href":"https:\/\/www.carseatsandparts.com\/fr\/wp-json\/wp\/v2\/media?parent=14371"}],"wp:term":[{"taxonomy":"product_brand","embeddable":true,"href":"https:\/\/www.carseatsandparts.com\/fr\/wp-json\/wp\/v2\/product_brand?post=14371"},{"taxonomy":"product_cat","embeddable":true,"href":"https:\/\/www.carseatsandparts.com\/fr\/wp-json\/wp\/v2\/product_cat?post=14371"},{"taxonomy":"product_tag","embeddable":true,"href":"https:\/\/www.carseatsandparts.com\/fr\/wp-json\/wp\/v2\/product_tag?post=14371"}],"curies":[{"name":"wp","href":"https:\/\/api.w.org\/{rel}","templated":true}]}}