{"id":14375,"date":"2024-06-18T10:46:23","date_gmt":"2024-06-18T08:46:23","guid":{"rendered":"https:\/\/www.carseatsandparts.com\/?post_type=product&#038;p=14375"},"modified":"2025-03-24T14:05:23","modified_gmt":"2025-03-24T13:05:23","slug":"renault-clio-bouwjaar-1998-2004","status":"publish","type":"product","link":"https:\/\/www.carseatsandparts.com\/fr\/product\/renault-clio-bouwjaar-1998-2004\/","title":{"rendered":"Renault Clio Ann\u00e9e de construction. 1998 - 2004"},"content":{"rendered":"","protected":false},"excerpt":{"rendered":"<strong data-start=\"0\" data-end=\"72\">Mousse pour le si\u00e8ge d'une Renault Clio (Build 1998-2004)<\/strong>\r\n\r\n<strong data-start=\"76\" data-end=\"126\">Retrouvez le confort d'assise de votre Renault Clio<\/strong>\r\n\r\nLe si\u00e8ge de votre Renault Clio est us\u00e9 et n'offre plus le bon soutien ? Cette pi\u00e8ce en mousse de remplacement est sp\u00e9cialement con\u00e7ue pour redonner \u00e0 votre si\u00e8ge confort et fermet\u00e9. Vous pouvez donc \u00e0 nouveau conduire comme il se doit, sans inconfort ni fatigue.","protected":false},"featured_media":14376,"comment_status":"open","ping_status":"closed","template":"","meta":{"_acf_changed":false},"product_brand":[],"product_cat":[177],"product_tag":[1799],"class_list":{"0":"post-14375","1":"product","2":"type-product","3":"status-publish","4":"has-post-thumbnail","6":"product_cat-zitting","7":"product_tag-bestell-nr-09","8":"product_shipping_class-onderdelen-console","10":"first","11":"instock","12":"taxable","13":"shipping-taxable","14":"purchasable","15":"product-type-simple"},"composite_virtual":false,"composite_layout":"","composite_add_to_cart_form_location":"","composite_editable_in_cart":false,"composite_sold_individually_context":"","composite_shop_price_calc":"","composite_components":[],"composite_scenarios":[],"exclude_global_add_ons":[],"addons":[],"acf":[],"yoast_head":null,"yoast_head_json":null,"_links":{"self":[{"href":"https:\/\/www.carseatsandparts.com\/fr\/wp-json\/wp\/v2\/product\/14375","targetHints":{"allow":["GET"]}}],"collection":[{"href":"https:\/\/www.carseatsandparts.com\/fr\/wp-json\/wp\/v2\/product"}],"about":[{"href":"https:\/\/www.carseatsandparts.com\/fr\/wp-json\/wp\/v2\/types\/product"}],"replies":[{"embeddable":true,"href":"https:\/\/www.carseatsandparts.com\/fr\/wp-json\/wp\/v2\/comments?post=14375"}],"wp:featuredmedia":[{"embeddable":true,"href":"https:\/\/www.carseatsandparts.com\/fr\/wp-json\/wp\/v2\/media\/14376"}],"wp:attachment":[{"href":"https:\/\/www.carseatsandparts.com\/fr\/wp-json\/wp\/v2\/media?parent=14375"}],"wp:term":[{"taxonomy":"product_brand","embeddable":true,"href":"https:\/\/www.carseatsandparts.com\/fr\/wp-json\/wp\/v2\/product_brand?post=14375"},{"taxonomy":"product_cat","embeddable":true,"href":"https:\/\/www.carseatsandparts.com\/fr\/wp-json\/wp\/v2\/product_cat?post=14375"},{"taxonomy":"product_tag","embeddable":true,"href":"https:\/\/www.carseatsandparts.com\/fr\/wp-json\/wp\/v2\/product_tag?post=14375"}],"curies":[{"name":"wp","href":"https:\/\/api.w.org\/{rel}","templated":true}]}}