{"id":14377,"date":"2024-06-18T10:54:44","date_gmt":"2024-06-18T08:54:44","guid":{"rendered":"https:\/\/www.carseatsandparts.com\/?post_type=product&#038;p=14377"},"modified":"2025-07-23T13:28:18","modified_gmt":"2025-07-23T11:28:18","slug":"peugeot-partner-dubbele-zitting","status":"publish","type":"product","link":"https:\/\/www.carseatsandparts.com\/fr\/product\/peugeot-partner-dubbele-zitting\/","title":{"rendered":"Peugeot Partner Double Si\u00e8ge"},"content":{"rendered":"","protected":false},"excerpt":{"rendered":"<strong data-start=\"0\" data-end=\"62\">Pi\u00e8ce en mousse pour le si\u00e8ge double d'un Peugeot Partner<\/strong>\r\n\r\n<strong data-start=\"66\" data-end=\"115\">Retrouvez le confort d'assise de votre Peugeot Partner<\/strong>\r\n\r\nLe si\u00e8ge de votre Peugeot Partner a perdu de son confort \u00e0 cause de l'usure ? Cette pi\u00e8ce en mousse de remplacement est la solution id\u00e9ale pour retrouver le soutien et le confort d'assise d'origine du double si\u00e8ge. Le conducteur et le passager retrouveront ainsi leur confort, quelle que soit la distance parcourue.","protected":false},"featured_media":14378,"comment_status":"open","ping_status":"closed","template":"","meta":{"_acf_changed":false},"product_brand":[],"product_cat":[2820,2841,177],"product_tag":[1802],"class_list":{"0":"post-14377","1":"product","2":"type-product","3":"status-publish","4":"has-post-thumbnail","6":"product_cat-bedrijfswagens","7":"product_cat-schuimdelen-voor-bedrijfswagens","8":"product_cat-zitting","9":"product_tag-bestell-nr-10","10":"product_shipping_class-onderdelen-console","12":"first","13":"instock","14":"taxable","15":"shipping-taxable","16":"purchasable","17":"product-type-simple"},"composite_virtual":false,"composite_layout":"","composite_add_to_cart_form_location":"","composite_editable_in_cart":false,"composite_sold_individually_context":"","composite_shop_price_calc":"","composite_components":[],"composite_scenarios":[],"exclude_global_add_ons":[],"addons":[],"acf":[],"yoast_head":null,"yoast_head_json":null,"_links":{"self":[{"href":"https:\/\/www.carseatsandparts.com\/fr\/wp-json\/wp\/v2\/product\/14377","targetHints":{"allow":["GET"]}}],"collection":[{"href":"https:\/\/www.carseatsandparts.com\/fr\/wp-json\/wp\/v2\/product"}],"about":[{"href":"https:\/\/www.carseatsandparts.com\/fr\/wp-json\/wp\/v2\/types\/product"}],"replies":[{"embeddable":true,"href":"https:\/\/www.carseatsandparts.com\/fr\/wp-json\/wp\/v2\/comments?post=14377"}],"wp:featuredmedia":[{"embeddable":true,"href":"https:\/\/www.carseatsandparts.com\/fr\/wp-json\/wp\/v2\/media\/14378"}],"wp:attachment":[{"href":"https:\/\/www.carseatsandparts.com\/fr\/wp-json\/wp\/v2\/media?parent=14377"}],"wp:term":[{"taxonomy":"product_brand","embeddable":true,"href":"https:\/\/www.carseatsandparts.com\/fr\/wp-json\/wp\/v2\/product_brand?post=14377"},{"taxonomy":"product_cat","embeddable":true,"href":"https:\/\/www.carseatsandparts.com\/fr\/wp-json\/wp\/v2\/product_cat?post=14377"},{"taxonomy":"product_tag","embeddable":true,"href":"https:\/\/www.carseatsandparts.com\/fr\/wp-json\/wp\/v2\/product_tag?post=14377"}],"curies":[{"name":"wp","href":"https:\/\/api.w.org\/{rel}","templated":true}]}}