{"id":14381,"date":"2024-06-18T11:04:17","date_gmt":"2024-06-18T09:04:17","guid":{"rendered":"https:\/\/www.carseatsandparts.com\/?post_type=product&#038;p=14381"},"modified":"2025-03-24T14:11:23","modified_gmt":"2025-03-24T13:11:23","slug":"scania-r5-zitting-bouwjaar-2005-heden","status":"publish","type":"product","link":"https:\/\/www.carseatsandparts.com\/fr\/product\/scania-r5-zitting-bouwjaar-2005-heden\/","title":{"rendered":"Scania R5 Seat Ann\u00e9e de construction. 2005 - Aujourd'hui"},"content":{"rendered":"","protected":false},"excerpt":{"rendered":"<strong data-start=\"0\" data-end=\"63\">Schuimdeel voor de zitting van een Scania R5 (2005 &#8211; heden)<\/strong>\r\n\r\n<strong data-start=\"67\" data-end=\"110\">R\u00e9tablissez le confort d'assise de votre Scania R5<\/strong>\r\n\r\nUn si\u00e8ge us\u00e9 ou affaiss\u00e9 peut r\u00e9duire le confort de conduite et provoquer des douleurs physiques, en particulier sur les longs trajets. Con\u00e7ue sp\u00e9cifiquement pour le Scania R5, cette pi\u00e8ce en mousse de rechange redonnera \u00e0 votre si\u00e8ge son soutien et son ergonomie d'origine.","protected":false},"featured_media":14382,"comment_status":"open","ping_status":"closed","template":"","meta":{"_acf_changed":false},"product_brand":[],"product_cat":[177],"product_tag":[1809],"class_list":{"0":"post-14381","1":"product","2":"type-product","3":"status-publish","4":"has-post-thumbnail","6":"product_cat-zitting","7":"product_tag-bestell-nr-12","8":"product_shipping_class-onderdelen-console","10":"first","11":"instock","12":"taxable","13":"shipping-taxable","14":"purchasable","15":"product-type-simple"},"composite_virtual":false,"composite_layout":"","composite_add_to_cart_form_location":"","composite_editable_in_cart":false,"composite_sold_individually_context":"","composite_shop_price_calc":"","composite_components":[],"composite_scenarios":[],"exclude_global_add_ons":[],"addons":[],"acf":[],"yoast_head":null,"yoast_head_json":null,"_links":{"self":[{"href":"https:\/\/www.carseatsandparts.com\/fr\/wp-json\/wp\/v2\/product\/14381","targetHints":{"allow":["GET"]}}],"collection":[{"href":"https:\/\/www.carseatsandparts.com\/fr\/wp-json\/wp\/v2\/product"}],"about":[{"href":"https:\/\/www.carseatsandparts.com\/fr\/wp-json\/wp\/v2\/types\/product"}],"replies":[{"embeddable":true,"href":"https:\/\/www.carseatsandparts.com\/fr\/wp-json\/wp\/v2\/comments?post=14381"}],"wp:featuredmedia":[{"embeddable":true,"href":"https:\/\/www.carseatsandparts.com\/fr\/wp-json\/wp\/v2\/media\/14382"}],"wp:attachment":[{"href":"https:\/\/www.carseatsandparts.com\/fr\/wp-json\/wp\/v2\/media?parent=14381"}],"wp:term":[{"taxonomy":"product_brand","embeddable":true,"href":"https:\/\/www.carseatsandparts.com\/fr\/wp-json\/wp\/v2\/product_brand?post=14381"},{"taxonomy":"product_cat","embeddable":true,"href":"https:\/\/www.carseatsandparts.com\/fr\/wp-json\/wp\/v2\/product_cat?post=14381"},{"taxonomy":"product_tag","embeddable":true,"href":"https:\/\/www.carseatsandparts.com\/fr\/wp-json\/wp\/v2\/product_tag?post=14381"}],"curies":[{"name":"wp","href":"https:\/\/api.w.org\/{rel}","templated":true}]}}