{"id":14391,"date":"2024-06-18T11:37:02","date_gmt":"2024-06-18T09:37:02","guid":{"rendered":"https:\/\/www.carseatsandparts.com\/?post_type=product&#038;p=14391"},"modified":"2025-03-31T10:43:23","modified_gmt":"2025-03-31T08:43:23","slug":"grammer-zitting-ca-14cm-hoog","status":"publish","type":"product","link":"https:\/\/www.carseatsandparts.com\/fr\/product\/grammer-zitting-ca-14cm-hoog\/","title":{"rendered":"Si\u00e8ge Grammer (environ 14 cm de haut)"},"content":{"rendered":"","protected":false},"excerpt":{"rendered":"<strong data-start=\"53\" data-end=\"105\">Partie en mousse pour le si\u00e8ge Grammer (environ 14 cm de haut)<\/strong>\r\n\r\nUne pi\u00e8ce en mousse us\u00e9e ou affaiss\u00e9e peut r\u00e9duire consid\u00e9rablement le confort d'assise et l'ergonomie de votre fauteuil Grammer. Cette pi\u00e8ce en mousse de remplacement de haute qualit\u00e9 r\u00e9tablira le soutien correct de votre chaise, vous permettant de vous asseoir confortablement et sans plaintes.","protected":false},"featured_media":14392,"comment_status":"open","ping_status":"closed","template":"","meta":{"_acf_changed":false},"product_brand":[],"product_cat":[177],"product_tag":[1829],"class_list":{"0":"post-14391","1":"product","2":"type-product","3":"status-publish","4":"has-post-thumbnail","6":"product_cat-zitting","7":"product_tag-bestell-nr-18","8":"product_shipping_class-onderdelen-console","10":"first","11":"instock","12":"taxable","13":"shipping-taxable","14":"purchasable","15":"product-type-simple"},"composite_virtual":false,"composite_layout":"","composite_add_to_cart_form_location":"","composite_editable_in_cart":false,"composite_sold_individually_context":"","composite_shop_price_calc":"","composite_components":[],"composite_scenarios":[],"exclude_global_add_ons":[],"addons":[],"acf":[],"yoast_head":null,"yoast_head_json":null,"_links":{"self":[{"href":"https:\/\/www.carseatsandparts.com\/fr\/wp-json\/wp\/v2\/product\/14391","targetHints":{"allow":["GET"]}}],"collection":[{"href":"https:\/\/www.carseatsandparts.com\/fr\/wp-json\/wp\/v2\/product"}],"about":[{"href":"https:\/\/www.carseatsandparts.com\/fr\/wp-json\/wp\/v2\/types\/product"}],"replies":[{"embeddable":true,"href":"https:\/\/www.carseatsandparts.com\/fr\/wp-json\/wp\/v2\/comments?post=14391"}],"wp:featuredmedia":[{"embeddable":true,"href":"https:\/\/www.carseatsandparts.com\/fr\/wp-json\/wp\/v2\/media\/14392"}],"wp:attachment":[{"href":"https:\/\/www.carseatsandparts.com\/fr\/wp-json\/wp\/v2\/media?parent=14391"}],"wp:term":[{"taxonomy":"product_brand","embeddable":true,"href":"https:\/\/www.carseatsandparts.com\/fr\/wp-json\/wp\/v2\/product_brand?post=14391"},{"taxonomy":"product_cat","embeddable":true,"href":"https:\/\/www.carseatsandparts.com\/fr\/wp-json\/wp\/v2\/product_cat?post=14391"},{"taxonomy":"product_tag","embeddable":true,"href":"https:\/\/www.carseatsandparts.com\/fr\/wp-json\/wp\/v2\/product_tag?post=14391"}],"curies":[{"name":"wp","href":"https:\/\/api.w.org\/{rel}","templated":true}]}}