{"id":14393,"date":"2024-06-18T11:39:26","date_gmt":"2024-06-18T09:39:26","guid":{"rendered":"https:\/\/www.carseatsandparts.com\/?post_type=product&#038;p=14393"},"modified":"2025-04-09T08:48:11","modified_gmt":"2025-04-09T06:48:11","slug":"grammer-zitting-ca-1050cm-hoog","status":"publish","type":"product","link":"https:\/\/www.carseatsandparts.com\/fr\/product\/grammer-zitting-ca-1050cm-hoog\/","title":{"rendered":"Si\u00e8ge Grammer (environ 10,50 cm de haut)"},"content":{"rendered":"","protected":false},"excerpt":{"rendered":"<strong data-start=\"253\" data-end=\"318\">Pi\u00e8ce en mousse de remplacement pour les chaises Grammer - hauteur d'environ 10,5 cm<\/strong>\r\n\r\nDonnez une seconde vie \u00e0 votre fauteuil Grammer gr\u00e2ce \u00e0 cette pi\u00e8ce de rechange en mousse de haute qualit\u00e9. Elle est id\u00e9ale pour les fauteuils dont la mousse d'origine est us\u00e9e ou n'offre pas un soutien suffisant. Gr\u00e2ce \u00e0 son ajustement pr\u00e9cis et \u00e0 sa qualit\u00e9 robuste, cette pi\u00e8ce am\u00e9liore sensiblement le confort d'assise et l'ergonomie.","protected":false},"featured_media":14394,"comment_status":"open","ping_status":"closed","template":"","meta":{"_acf_changed":false},"product_brand":[],"product_cat":[177],"product_tag":[1831],"class_list":{"0":"post-14393","1":"product","2":"type-product","3":"status-publish","4":"has-post-thumbnail","6":"product_cat-zitting","7":"product_tag-bestell-nr-19","8":"product_shipping_class-onderdelen-console","10":"first","11":"instock","12":"taxable","13":"shipping-taxable","14":"purchasable","15":"product-type-simple"},"composite_virtual":false,"composite_layout":"","composite_add_to_cart_form_location":"","composite_editable_in_cart":false,"composite_sold_individually_context":"","composite_shop_price_calc":"","composite_components":[],"composite_scenarios":[],"exclude_global_add_ons":[],"addons":[],"acf":[],"yoast_head":null,"yoast_head_json":null,"_links":{"self":[{"href":"https:\/\/www.carseatsandparts.com\/fr\/wp-json\/wp\/v2\/product\/14393","targetHints":{"allow":["GET"]}}],"collection":[{"href":"https:\/\/www.carseatsandparts.com\/fr\/wp-json\/wp\/v2\/product"}],"about":[{"href":"https:\/\/www.carseatsandparts.com\/fr\/wp-json\/wp\/v2\/types\/product"}],"replies":[{"embeddable":true,"href":"https:\/\/www.carseatsandparts.com\/fr\/wp-json\/wp\/v2\/comments?post=14393"}],"wp:featuredmedia":[{"embeddable":true,"href":"https:\/\/www.carseatsandparts.com\/fr\/wp-json\/wp\/v2\/media\/14394"}],"wp:attachment":[{"href":"https:\/\/www.carseatsandparts.com\/fr\/wp-json\/wp\/v2\/media?parent=14393"}],"wp:term":[{"taxonomy":"product_brand","embeddable":true,"href":"https:\/\/www.carseatsandparts.com\/fr\/wp-json\/wp\/v2\/product_brand?post=14393"},{"taxonomy":"product_cat","embeddable":true,"href":"https:\/\/www.carseatsandparts.com\/fr\/wp-json\/wp\/v2\/product_cat?post=14393"},{"taxonomy":"product_tag","embeddable":true,"href":"https:\/\/www.carseatsandparts.com\/fr\/wp-json\/wp\/v2\/product_tag?post=14393"}],"curies":[{"name":"wp","href":"https:\/\/api.w.org\/{rel}","templated":true}]}}