{"id":14405,"date":"2024-06-18T13:47:06","date_gmt":"2024-06-18T11:47:06","guid":{"rendered":"https:\/\/www.carseatsandparts.com\/?post_type=product&#038;p=14405"},"modified":"2026-05-06T13:45:15","modified_gmt":"2026-05-06T11:45:15","slug":"mercedes-sprinter-nieuw-zitting-bouwjaar-2006-2013","status":"publish","type":"product","link":"https:\/\/www.carseatsandparts.com\/fr\/product\/mercedes-sprinter-nieuw-zitting-bouwjaar-2006-2013\/","title":{"rendered":"Mercedes Sprinter New Seat Ann\u00e9e de construction. 2006 - 2013"},"content":{"rendered":"","protected":false},"excerpt":{"rendered":"Schuimdeel geschikt voor Mercedes Benz Sprinter zitting Bouwjaar. 2006 &#8211; 2013\r\n\r\n<strong>Mousse pour Mercedes Benz Sprinter<\/strong>\r\nLa pi\u00e8ce en mousse pour Mercedes Benz Sprinter est une solution id\u00e9ale pour restaurer le soutien et le confort d'assise de votre si\u00e8ge de voiture. Que votre pi\u00e8ce en mousse actuelle soit us\u00e9e par des ann\u00e9es d'utilisation ou qu'elle n'offre tout simplement plus le soutien souhait\u00e9, cette pi\u00e8ce en mousse de remplacement vous aidera \u00e0 remettre votre si\u00e8ge en parfait \u00e9tat.","protected":false},"featured_media":14406,"comment_status":"open","ping_status":"closed","template":"","meta":{"_acf_changed":false},"product_brand":[1647],"product_cat":[2820,2841,177],"product_tag":[1847,1644,1937,1646,1944],"class_list":{"0":"post-14405","1":"product","2":"type-product","3":"status-publish","4":"has-post-thumbnail","6":"product_brand-mercedes-benz","7":"product_cat-bedrijfswagens","8":"product_cat-schuimdelen-voor-bedrijfswagens","9":"product_cat-zitting","10":"product_tag-bestell-nr-25","11":"product_tag-mercedes-benz","12":"product_tag-schuimdeel","13":"product_tag-sprinter","14":"product_tag-zitting","15":"product_shipping_class-onderdelen-console","17":"first","18":"instock","19":"taxable","20":"shipping-taxable","21":"purchasable","22":"product-type-simple"},"composite_virtual":false,"composite_layout":"","composite_add_to_cart_form_location":"","composite_editable_in_cart":false,"composite_sold_individually_context":"","composite_shop_price_calc":"","composite_components":[],"composite_scenarios":[],"exclude_global_add_ons":[],"addons":[],"acf":[],"yoast_head":null,"yoast_head_json":null,"_links":{"self":[{"href":"https:\/\/www.carseatsandparts.com\/fr\/wp-json\/wp\/v2\/product\/14405","targetHints":{"allow":["GET"]}}],"collection":[{"href":"https:\/\/www.carseatsandparts.com\/fr\/wp-json\/wp\/v2\/product"}],"about":[{"href":"https:\/\/www.carseatsandparts.com\/fr\/wp-json\/wp\/v2\/types\/product"}],"replies":[{"embeddable":true,"href":"https:\/\/www.carseatsandparts.com\/fr\/wp-json\/wp\/v2\/comments?post=14405"}],"wp:featuredmedia":[{"embeddable":true,"href":"https:\/\/www.carseatsandparts.com\/fr\/wp-json\/wp\/v2\/media\/14406"}],"wp:attachment":[{"href":"https:\/\/www.carseatsandparts.com\/fr\/wp-json\/wp\/v2\/media?parent=14405"}],"wp:term":[{"taxonomy":"product_brand","embeddable":true,"href":"https:\/\/www.carseatsandparts.com\/fr\/wp-json\/wp\/v2\/product_brand?post=14405"},{"taxonomy":"product_cat","embeddable":true,"href":"https:\/\/www.carseatsandparts.com\/fr\/wp-json\/wp\/v2\/product_cat?post=14405"},{"taxonomy":"product_tag","embeddable":true,"href":"https:\/\/www.carseatsandparts.com\/fr\/wp-json\/wp\/v2\/product_tag?post=14405"}],"curies":[{"name":"wp","href":"https:\/\/api.w.org\/{rel}","templated":true}]}}