{"id":14434,"date":"2024-06-18T15:27:27","date_gmt":"2024-06-18T13:27:27","guid":{"rendered":"https:\/\/www.carseatsandparts.com\/?post_type=product&#038;p=14434"},"modified":"2026-05-07T10:34:10","modified_gmt":"2026-05-07T08:34:10","slug":"schuimdeel-lancia-phedra-citroen-c8-peugeot-807","status":"publish","type":"product","link":"https:\/\/www.carseatsandparts.com\/fr\/product\/schuimdeel-lancia-phedra-citroen-c8-peugeot-807\/","title":{"rendered":"Mousse Lancia Phedra \/ Citroen C8 \/ Peugeot 807"},"content":{"rendered":"","protected":false},"excerpt":{"rendered":"Schuimdeel geschikt voor de Lancia Phedra \/ Citroen C8 \/ Peugeot 807 Bouwjaar. 2002 &#8211; 2010\r\n\r\n<strong>Mousse pour Lancia Phedra \/ Citroen C8 \/ Peugeot 807<\/strong>\r\nLa pi\u00e8ce en mousse pour Lancia Phedra \/ Citro\u00ebn C8 \/ Peugeot 807 est une solution id\u00e9ale pour restaurer le soutien et le confort d'assise de votre si\u00e8ge auto. Que votre pi\u00e8ce en mousse actuelle soit us\u00e9e par des ann\u00e9es d'utilisation ou qu'elle n'offre tout simplement plus le soutien souhait\u00e9, cette pi\u00e8ce en mousse de remplacement vous aidera \u00e0 remettre votre si\u00e8ge en \u00e9tat.","protected":false},"featured_media":14435,"comment_status":"open","ping_status":"closed","template":"","meta":{"_acf_changed":false},"product_brand":[1955,1956,1943],"product_cat":[177],"product_tag":[1882,1954,1953,1939,1930,1937],"class_list":{"0":"post-14434","1":"product","2":"type-product","3":"status-publish","4":"has-post-thumbnail","6":"product_brand-citroen","7":"product_brand-lancia","8":"product_brand-peugeot","9":"product_cat-zitting","10":"product_tag-bestell-nr-42","11":"product_tag-citroen","12":"product_tag-lancia","13":"product_tag-peugeot","14":"product_tag-rugleuning","15":"product_tag-schuimdeel","16":"product_shipping_class-onderdelen-console","18":"first","19":"instock","20":"taxable","21":"shipping-taxable","22":"purchasable","23":"product-type-simple"},"composite_virtual":false,"composite_layout":"","composite_add_to_cart_form_location":"","composite_editable_in_cart":false,"composite_sold_individually_context":"","composite_shop_price_calc":"","composite_components":[],"composite_scenarios":[],"exclude_global_add_ons":[],"addons":[],"acf":[],"yoast_head":null,"yoast_head_json":null,"_links":{"self":[{"href":"https:\/\/www.carseatsandparts.com\/fr\/wp-json\/wp\/v2\/product\/14434","targetHints":{"allow":["GET"]}}],"collection":[{"href":"https:\/\/www.carseatsandparts.com\/fr\/wp-json\/wp\/v2\/product"}],"about":[{"href":"https:\/\/www.carseatsandparts.com\/fr\/wp-json\/wp\/v2\/types\/product"}],"replies":[{"embeddable":true,"href":"https:\/\/www.carseatsandparts.com\/fr\/wp-json\/wp\/v2\/comments?post=14434"}],"wp:featuredmedia":[{"embeddable":true,"href":"https:\/\/www.carseatsandparts.com\/fr\/wp-json\/wp\/v2\/media\/14435"}],"wp:attachment":[{"href":"https:\/\/www.carseatsandparts.com\/fr\/wp-json\/wp\/v2\/media?parent=14434"}],"wp:term":[{"taxonomy":"product_brand","embeddable":true,"href":"https:\/\/www.carseatsandparts.com\/fr\/wp-json\/wp\/v2\/product_brand?post=14434"},{"taxonomy":"product_cat","embeddable":true,"href":"https:\/\/www.carseatsandparts.com\/fr\/wp-json\/wp\/v2\/product_cat?post=14434"},{"taxonomy":"product_tag","embeddable":true,"href":"https:\/\/www.carseatsandparts.com\/fr\/wp-json\/wp\/v2\/product_tag?post=14434"}],"curies":[{"name":"wp","href":"https:\/\/api.w.org\/{rel}","templated":true}]}}