{"id":14438,"date":"2024-06-18T16:10:37","date_gmt":"2024-06-18T14:10:37","guid":{"rendered":"https:\/\/www.carseatsandparts.com\/?post_type=product&#038;p=14438"},"modified":"2025-12-19T14:30:46","modified_gmt":"2025-12-19T13:30:46","slug":"hyundai-100-zitting","status":"publish","type":"product","link":"https:\/\/www.carseatsandparts.com\/fr\/product\/hyundai-100-zitting\/","title":{"rendered":"Hyundai 100 Seat"},"content":{"rendered":"","protected":false},"excerpt":{"rendered":"Partie en mousse adapt\u00e9e au si\u00e8ge Hyundai 100\r\n\r\nPi\u00e8ce en mousse pour Hyundai 100\r\nLa pi\u00e8ce en mousse pour Hyundai 100 est une solution id\u00e9ale pour restaurer le soutien et le confort de votre si\u00e8ge de voiture. Que votre mousse actuelle soit us\u00e9e par des ann\u00e9es d'utilisation ou qu'elle n'apporte plus le soutien souhait\u00e9, cette pi\u00e8ce en mousse de remplacement vous aidera \u00e0 remettre votre si\u00e8ge en \u00e9tat.","protected":false},"featured_media":14439,"comment_status":"open","ping_status":"closed","template":"","meta":{"_acf_changed":false},"product_brand":[1952],"product_cat":[177],"product_tag":[1889,1951,1937,1944],"class_list":{"0":"post-14438","1":"product","2":"type-product","3":"status-publish","4":"has-post-thumbnail","6":"product_brand-hyundai","7":"product_cat-zitting","8":"product_tag-bestell-nr-44","9":"product_tag-hyundai","10":"product_tag-schuimdeel","11":"product_tag-zitting","12":"product_shipping_class-onderdelen-console","14":"first","15":"instock","16":"taxable","17":"shipping-taxable","18":"purchasable","19":"product-type-simple"},"composite_virtual":false,"composite_layout":"","composite_add_to_cart_form_location":"","composite_editable_in_cart":false,"composite_sold_individually_context":"","composite_shop_price_calc":"","composite_components":[],"composite_scenarios":[],"exclude_global_add_ons":[],"addons":[],"acf":[],"yoast_head":null,"yoast_head_json":null,"_links":{"self":[{"href":"https:\/\/www.carseatsandparts.com\/fr\/wp-json\/wp\/v2\/product\/14438","targetHints":{"allow":["GET"]}}],"collection":[{"href":"https:\/\/www.carseatsandparts.com\/fr\/wp-json\/wp\/v2\/product"}],"about":[{"href":"https:\/\/www.carseatsandparts.com\/fr\/wp-json\/wp\/v2\/types\/product"}],"replies":[{"embeddable":true,"href":"https:\/\/www.carseatsandparts.com\/fr\/wp-json\/wp\/v2\/comments?post=14438"}],"wp:featuredmedia":[{"embeddable":true,"href":"https:\/\/www.carseatsandparts.com\/fr\/wp-json\/wp\/v2\/media\/14439"}],"wp:attachment":[{"href":"https:\/\/www.carseatsandparts.com\/fr\/wp-json\/wp\/v2\/media?parent=14438"}],"wp:term":[{"taxonomy":"product_brand","embeddable":true,"href":"https:\/\/www.carseatsandparts.com\/fr\/wp-json\/wp\/v2\/product_brand?post=14438"},{"taxonomy":"product_cat","embeddable":true,"href":"https:\/\/www.carseatsandparts.com\/fr\/wp-json\/wp\/v2\/product_cat?post=14438"},{"taxonomy":"product_tag","embeddable":true,"href":"https:\/\/www.carseatsandparts.com\/fr\/wp-json\/wp\/v2\/product_tag?post=14438"}],"curies":[{"name":"wp","href":"https:\/\/api.w.org\/{rel}","templated":true}]}}