{"id":14484,"date":"2024-07-01T14:48:13","date_gmt":"2024-07-01T12:48:13","guid":{"rendered":"https:\/\/www.carseatsandparts.com\/?post_type=product&#038;p=14484"},"modified":"2026-05-13T11:30:05","modified_gmt":"2026-05-13T09:30:05","slug":"volkswagen-caddy-amarok-zitting","status":"publish","type":"product","link":"https:\/\/www.carseatsandparts.com\/fr\/product\/volkswagen-caddy-amarok-zitting\/","title":{"rendered":"Volkswagen Caddy \/ Amarok Si\u00e8ge"},"content":{"rendered":"","protected":false},"excerpt":{"rendered":"Mousse adapt\u00e9e au si\u00e8ge d'un Volkswagen Caddy et Amarok Ann\u00e9e de fabrication 2004-2008\r\n\r\n<strong>Mousse pour Volkswagen Caddy \/ Amarok<\/strong>\r\n\r\nLa pi\u00e8ce en mousse pour Volkswagen Caddy \/ Amarok est une solution id\u00e9ale pour restaurer le soutien et le confort d'assise de votre si\u00e8ge de voiture. Que votre pi\u00e8ce en mousse actuelle soit us\u00e9e par des ann\u00e9es d'utilisation ou qu'elle n'offre tout simplement plus le soutien souhait\u00e9, cette pi\u00e8ce en mousse de remplacement vous aidera \u00e0 remettre votre si\u00e8ge en parfait \u00e9tat.","protected":false},"featured_media":14485,"comment_status":"open","ping_status":"closed","template":"","meta":{"_acf_changed":false},"product_brand":[1294],"product_cat":[2820,2841,177],"product_tag":[1950,1920,1949,1937,973,1944],"class_list":{"0":"post-14484","1":"product","2":"type-product","3":"status-publish","4":"has-post-thumbnail","6":"product_brand-volkswagen","7":"product_cat-bedrijfswagens","8":"product_cat-schuimdelen-voor-bedrijfswagens","9":"product_cat-zitting","10":"product_tag-amarok","11":"product_tag-bestell-nr-67","12":"product_tag-caddy","13":"product_tag-schuimdeel","14":"product_tag-volkswagen","15":"product_tag-zitting","16":"product_shipping_class-onderdelen-console","18":"first","19":"instock","20":"taxable","21":"shipping-taxable","22":"purchasable","23":"product-type-simple"},"composite_virtual":false,"composite_layout":"","composite_add_to_cart_form_location":"","composite_editable_in_cart":false,"composite_sold_individually_context":"","composite_shop_price_calc":"","composite_components":[],"composite_scenarios":[],"exclude_global_add_ons":[],"addons":[],"acf":[],"yoast_head":null,"yoast_head_json":null,"_links":{"self":[{"href":"https:\/\/www.carseatsandparts.com\/fr\/wp-json\/wp\/v2\/product\/14484","targetHints":{"allow":["GET"]}}],"collection":[{"href":"https:\/\/www.carseatsandparts.com\/fr\/wp-json\/wp\/v2\/product"}],"about":[{"href":"https:\/\/www.carseatsandparts.com\/fr\/wp-json\/wp\/v2\/types\/product"}],"replies":[{"embeddable":true,"href":"https:\/\/www.carseatsandparts.com\/fr\/wp-json\/wp\/v2\/comments?post=14484"}],"wp:featuredmedia":[{"embeddable":true,"href":"https:\/\/www.carseatsandparts.com\/fr\/wp-json\/wp\/v2\/media\/14485"}],"wp:attachment":[{"href":"https:\/\/www.carseatsandparts.com\/fr\/wp-json\/wp\/v2\/media?parent=14484"}],"wp:term":[{"taxonomy":"product_brand","embeddable":true,"href":"https:\/\/www.carseatsandparts.com\/fr\/wp-json\/wp\/v2\/product_brand?post=14484"},{"taxonomy":"product_cat","embeddable":true,"href":"https:\/\/www.carseatsandparts.com\/fr\/wp-json\/wp\/v2\/product_cat?post=14484"},{"taxonomy":"product_tag","embeddable":true,"href":"https:\/\/www.carseatsandparts.com\/fr\/wp-json\/wp\/v2\/product_tag?post=14484"}],"curies":[{"name":"wp","href":"https:\/\/api.w.org\/{rel}","templated":true}]}}