{"id":14744,"date":"2024-08-30T15:16:53","date_gmt":"2024-08-30T13:16:53","guid":{"rendered":"https:\/\/www.carseatsandparts.com\/?post_type=product&#038;p=14744"},"modified":"2026-05-13T12:01:12","modified_gmt":"2026-05-13T10:01:12","slug":"peugeot-204-304-cc-zitting","status":"publish","type":"product","link":"https:\/\/www.carseatsandparts.com\/fr\/product\/peugeot-204-304-cc-zitting\/","title":{"rendered":"Peugeot 204 \/ 304 CC Si\u00e8ge"},"content":{"rendered":"","protected":false},"excerpt":{"rendered":"Pi\u00e8ce en mousse adapt\u00e9e au si\u00e8ge de la Peugeot 204 &amp; 304 CC\r\n\r\n<strong>Schuimdeel voor de Peugeot 204 &amp; 304 CC<\/strong>\r\n\r\nHet schuimdeel voor de Peugeot 204 &amp; 304 CC is een ideale oplossing om de ondersteuning en het zitcomfort van uw autostoel te herstellen. Of uw huidige schuimdeel nu versleten is door jarenlang gebruik of simpelweg niet meer de gewenste ondersteuning biedt, dit vervangende schuimdeel helpt u om uw stoel weer in topconditie te brengen.","protected":false},"featured_media":14745,"comment_status":"open","ping_status":"closed","template":"","meta":{"_acf_changed":false},"product_brand":[1943],"product_cat":[177],"product_tag":[2046,2047,1939,1937,1944],"class_list":{"0":"post-14744","1":"product","2":"type-product","3":"status-publish","4":"has-post-thumbnail","6":"product_brand-peugeot","7":"product_cat-zitting","8":"product_tag-2046","9":"product_tag-2047","10":"product_tag-peugeot","11":"product_tag-schuimdeel","12":"product_tag-zitting","13":"product_shipping_class-onderdelen-console","15":"first","16":"instock","17":"taxable","18":"shipping-taxable","19":"purchasable","20":"product-type-simple"},"composite_virtual":false,"composite_layout":"","composite_add_to_cart_form_location":"","composite_editable_in_cart":false,"composite_sold_individually_context":"","composite_shop_price_calc":"","composite_components":[],"composite_scenarios":[],"exclude_global_add_ons":[],"addons":[],"acf":[],"yoast_head":null,"yoast_head_json":null,"_links":{"self":[{"href":"https:\/\/www.carseatsandparts.com\/fr\/wp-json\/wp\/v2\/product\/14744","targetHints":{"allow":["GET"]}}],"collection":[{"href":"https:\/\/www.carseatsandparts.com\/fr\/wp-json\/wp\/v2\/product"}],"about":[{"href":"https:\/\/www.carseatsandparts.com\/fr\/wp-json\/wp\/v2\/types\/product"}],"replies":[{"embeddable":true,"href":"https:\/\/www.carseatsandparts.com\/fr\/wp-json\/wp\/v2\/comments?post=14744"}],"wp:featuredmedia":[{"embeddable":true,"href":"https:\/\/www.carseatsandparts.com\/fr\/wp-json\/wp\/v2\/media\/14745"}],"wp:attachment":[{"href":"https:\/\/www.carseatsandparts.com\/fr\/wp-json\/wp\/v2\/media?parent=14744"}],"wp:term":[{"taxonomy":"product_brand","embeddable":true,"href":"https:\/\/www.carseatsandparts.com\/fr\/wp-json\/wp\/v2\/product_brand?post=14744"},{"taxonomy":"product_cat","embeddable":true,"href":"https:\/\/www.carseatsandparts.com\/fr\/wp-json\/wp\/v2\/product_cat?post=14744"},{"taxonomy":"product_tag","embeddable":true,"href":"https:\/\/www.carseatsandparts.com\/fr\/wp-json\/wp\/v2\/product_tag?post=14744"}],"curies":[{"name":"wp","href":"https:\/\/api.w.org\/{rel}","templated":true}]}}