{"id":14821,"date":"2024-09-24T14:53:22","date_gmt":"2024-09-24T12:53:22","guid":{"rendered":"https:\/\/www.carseatsandparts.com\/?post_type=product&#038;p=14821"},"modified":"2025-12-19T14:07:24","modified_gmt":"2025-12-19T13:07:24","slug":"fiat-fiorino-citroen-nemo","status":"publish","type":"product","link":"https:\/\/www.carseatsandparts.com\/fr\/product\/fiat-fiorino-citroen-nemo\/","title":{"rendered":"Fiat Fiorino \/ Citro\u00ebn Nemo"},"content":{"rendered":"","protected":false},"excerpt":{"rendered":"Mousse pour Fiat Fiorino et Citro\u00ebn Nemo \u00e0 partir de 2007\r\n\r\n<strong>Mousse pour Fiat Fiorino \/ Citro\u00ebn Nemo<\/strong>\r\n\r\nLa pi\u00e8ce en mousse pour Fiat Fiorino \/ Citro\u00ebn Nemo est une solution id\u00e9ale pour restaurer le soutien et le confort d'assise de votre si\u00e8ge auto. Que votre pi\u00e8ce en mousse actuelle soit us\u00e9e par des ann\u00e9es d'utilisation ou qu'elle n'offre tout simplement plus le soutien souhait\u00e9, cette pi\u00e8ce en mousse de remplacement vous aidera \u00e0 remettre votre si\u00e8ge en \u00e9tat.","protected":false},"featured_media":14822,"comment_status":"open","ping_status":"closed","template":"","meta":{"_acf_changed":false},"product_brand":[1955,1942],"product_cat":[177],"product_tag":[1954,1923,2070,2071,1937,1944],"class_list":{"0":"post-14821","1":"product","2":"type-product","3":"status-publish","4":"has-post-thumbnail","6":"product_brand-citroen","7":"product_brand-fiat","8":"product_cat-zitting","9":"product_tag-citroen","10":"product_tag-fiat","11":"product_tag-fiorino","12":"product_tag-nemo","13":"product_tag-schuimdeel","14":"product_tag-zitting","15":"product_shipping_class-onderdelen-console","17":"first","18":"instock","19":"taxable","20":"shipping-taxable","21":"purchasable","22":"product-type-simple"},"composite_virtual":false,"composite_layout":"","composite_add_to_cart_form_location":"","composite_editable_in_cart":false,"composite_sold_individually_context":"","composite_shop_price_calc":"","composite_components":[],"composite_scenarios":[],"exclude_global_add_ons":[],"addons":[],"acf":[],"yoast_head":null,"yoast_head_json":null,"_links":{"self":[{"href":"https:\/\/www.carseatsandparts.com\/fr\/wp-json\/wp\/v2\/product\/14821","targetHints":{"allow":["GET"]}}],"collection":[{"href":"https:\/\/www.carseatsandparts.com\/fr\/wp-json\/wp\/v2\/product"}],"about":[{"href":"https:\/\/www.carseatsandparts.com\/fr\/wp-json\/wp\/v2\/types\/product"}],"replies":[{"embeddable":true,"href":"https:\/\/www.carseatsandparts.com\/fr\/wp-json\/wp\/v2\/comments?post=14821"}],"wp:featuredmedia":[{"embeddable":true,"href":"https:\/\/www.carseatsandparts.com\/fr\/wp-json\/wp\/v2\/media\/14822"}],"wp:attachment":[{"href":"https:\/\/www.carseatsandparts.com\/fr\/wp-json\/wp\/v2\/media?parent=14821"}],"wp:term":[{"taxonomy":"product_brand","embeddable":true,"href":"https:\/\/www.carseatsandparts.com\/fr\/wp-json\/wp\/v2\/product_brand?post=14821"},{"taxonomy":"product_cat","embeddable":true,"href":"https:\/\/www.carseatsandparts.com\/fr\/wp-json\/wp\/v2\/product_cat?post=14821"},{"taxonomy":"product_tag","embeddable":true,"href":"https:\/\/www.carseatsandparts.com\/fr\/wp-json\/wp\/v2\/product_tag?post=14821"}],"curies":[{"name":"wp","href":"https:\/\/api.w.org\/{rel}","templated":true}]}}