{"id":14823,"date":"2024-09-24T15:19:42","date_gmt":"2024-09-24T13:19:42","guid":{"rendered":"https:\/\/www.carseatsandparts.com\/?post_type=product&#038;p=14823"},"modified":"2026-05-13T11:33:15","modified_gmt":"2026-05-13T09:33:15","slug":"volkswagen-kubel-181","status":"publish","type":"product","link":"https:\/\/www.carseatsandparts.com\/fr\/product\/volkswagen-kubel-181\/","title":{"rendered":"Volkswagen K\u00fcbel 181"},"content":{"rendered":"","protected":false},"excerpt":{"rendered":"Partie en mousse adapt\u00e9e au si\u00e8ge de la Volkswagen K\u00fcbel 181\r\n\r\n<strong>Mousse pour Volkswagen K\u00fcbel 181<\/strong>\r\n\r\nLa pi\u00e8ce en mousse pour Volkswagen K\u00fcbel 181 est une solution id\u00e9ale pour restaurer le soutien et le confort d'assise de votre si\u00e8ge auto. Que votre pi\u00e8ce en mousse actuelle soit us\u00e9e par des ann\u00e9es d'utilisation ou qu'elle n'offre tout simplement plus le soutien souhait\u00e9, cette pi\u00e8ce en mousse de remplacement vous aidera \u00e0 remettre votre si\u00e8ge en \u00e9tat.","protected":false},"featured_media":14824,"comment_status":"open","ping_status":"closed","template":"","meta":{"_acf_changed":false},"product_brand":[1294],"product_cat":[178],"product_tag":[2074,1930,1937,973],"class_list":{"0":"post-14823","1":"product","2":"type-product","3":"status-publish","4":"has-post-thumbnail","6":"product_brand-volkswagen","7":"product_cat-rugleuning","8":"product_tag-kubel","9":"product_tag-rugleuning","10":"product_tag-schuimdeel","11":"product_tag-volkswagen","12":"product_shipping_class-onderdelen-console","14":"first","15":"instock","16":"taxable","17":"shipping-taxable","18":"purchasable","19":"product-type-simple"},"composite_virtual":false,"composite_layout":"","composite_add_to_cart_form_location":"","composite_editable_in_cart":false,"composite_sold_individually_context":"","composite_shop_price_calc":"","composite_components":[],"composite_scenarios":[],"exclude_global_add_ons":[],"addons":[],"acf":[],"yoast_head":null,"yoast_head_json":null,"_links":{"self":[{"href":"https:\/\/www.carseatsandparts.com\/fr\/wp-json\/wp\/v2\/product\/14823","targetHints":{"allow":["GET"]}}],"collection":[{"href":"https:\/\/www.carseatsandparts.com\/fr\/wp-json\/wp\/v2\/product"}],"about":[{"href":"https:\/\/www.carseatsandparts.com\/fr\/wp-json\/wp\/v2\/types\/product"}],"replies":[{"embeddable":true,"href":"https:\/\/www.carseatsandparts.com\/fr\/wp-json\/wp\/v2\/comments?post=14823"}],"wp:featuredmedia":[{"embeddable":true,"href":"https:\/\/www.carseatsandparts.com\/fr\/wp-json\/wp\/v2\/media\/14824"}],"wp:attachment":[{"href":"https:\/\/www.carseatsandparts.com\/fr\/wp-json\/wp\/v2\/media?parent=14823"}],"wp:term":[{"taxonomy":"product_brand","embeddable":true,"href":"https:\/\/www.carseatsandparts.com\/fr\/wp-json\/wp\/v2\/product_brand?post=14823"},{"taxonomy":"product_cat","embeddable":true,"href":"https:\/\/www.carseatsandparts.com\/fr\/wp-json\/wp\/v2\/product_cat?post=14823"},{"taxonomy":"product_tag","embeddable":true,"href":"https:\/\/www.carseatsandparts.com\/fr\/wp-json\/wp\/v2\/product_tag?post=14823"}],"curies":[{"name":"wp","href":"https:\/\/api.w.org\/{rel}","templated":true}]}}