{"id":14833,"date":"2024-09-24T16:33:50","date_gmt":"2024-09-24T14:33:50","guid":{"rendered":"https:\/\/www.carseatsandparts.com\/?post_type=product&#038;p=14833"},"modified":"2025-12-19T08:23:46","modified_gmt":"2025-12-19T07:23:46","slug":"fiat-doblo-1","status":"publish","type":"product","link":"https:\/\/www.carseatsandparts.com\/fr\/produit\/fiat-doblo-1\/","title":{"rendered":"Fiat Doblo 1 Ann\u00e9e de construction 2000-2006"},"content":{"rendered":"","protected":false},"excerpt":{"rendered":"Schuimdeel geschikt voor de Fiat Doblo 1 van bouwjaar 2000 &#8211; 2006\r\n\r\n<strong>Mousse pour Fiat Doblo 1<\/strong>\r\n\r\nLa pi\u00e8ce en mousse pour Fiat Doblo 1 est une solution id\u00e9ale pour restaurer le soutien et le confort d'assise de votre si\u00e8ge de voiture. Que votre pi\u00e8ce en mousse actuelle soit us\u00e9e par des ann\u00e9es d'utilisation ou qu'elle n'offre tout simplement plus le soutien souhait\u00e9, cette pi\u00e8ce en mousse de remplacement vous aidera \u00e0 remettre votre si\u00e8ge en parfait \u00e9tat.","protected":false},"featured_media":14834,"comment_status":"open","ping_status":"closed","template":"","meta":{"_acf_changed":false},"product_brand":[1942],"product_cat":[2820,176,2841],"product_tag":[1924,1923,1937],"class_list":{"0":"post-14833","1":"product","2":"type-product","3":"status-publish","4":"has-post-thumbnail","6":"product_brand-fiat","7":"product_cat-bedrijfswagens","8":"product_cat-schuimdelen","9":"product_cat-schuimdelen-voor-bedrijfswagens","10":"product_tag-doblo","11":"product_tag-fiat","12":"product_tag-schuimdeel","13":"product_shipping_class-onderdelen-console","15":"first","16":"instock","17":"taxable","18":"shipping-taxable","19":"purchasable","20":"product-type-simple"},"composite_virtual":false,"composite_layout":"","composite_add_to_cart_form_location":"","composite_editable_in_cart":false,"composite_sold_individually_context":"","composite_shop_price_calc":"","composite_components":[],"composite_scenarios":[],"exclude_global_add_ons":[],"addons":[],"acf":[],"yoast_head":null,"yoast_head_json":null,"_links":{"self":[{"href":"https:\/\/www.carseatsandparts.com\/fr\/wp-json\/wp\/v2\/product\/14833","targetHints":{"allow":["GET"]}}],"collection":[{"href":"https:\/\/www.carseatsandparts.com\/fr\/wp-json\/wp\/v2\/product"}],"about":[{"href":"https:\/\/www.carseatsandparts.com\/fr\/wp-json\/wp\/v2\/types\/product"}],"replies":[{"embeddable":true,"href":"https:\/\/www.carseatsandparts.com\/fr\/wp-json\/wp\/v2\/comments?post=14833"}],"wp:featuredmedia":[{"embeddable":true,"href":"https:\/\/www.carseatsandparts.com\/fr\/wp-json\/wp\/v2\/media\/14834"}],"wp:attachment":[{"href":"https:\/\/www.carseatsandparts.com\/fr\/wp-json\/wp\/v2\/media?parent=14833"}],"wp:term":[{"taxonomy":"product_brand","embeddable":true,"href":"https:\/\/www.carseatsandparts.com\/fr\/wp-json\/wp\/v2\/product_brand?post=14833"},{"taxonomy":"product_cat","embeddable":true,"href":"https:\/\/www.carseatsandparts.com\/fr\/wp-json\/wp\/v2\/product_cat?post=14833"},{"taxonomy":"product_tag","embeddable":true,"href":"https:\/\/www.carseatsandparts.com\/fr\/wp-json\/wp\/v2\/product_tag?post=14833"}],"curies":[{"name":"wp","href":"https:\/\/api.w.org\/{rel}","templated":true}]}}